{"id":2066,"date":"2025-01-07T00:20:03","date_gmt":"2025-01-07T00:20:03","guid":{"rendered":"https:\/\/inlight.mysites.io\/conditions-dutilisation\/"},"modified":"2025-04-08T05:17:21","modified_gmt":"2025-04-08T05:17:21","slug":"conditions-dutilisation","status":"publish","type":"page","link":"https:\/\/inlightfest.com\/fr\/conditions-dutilisation\/","title":{"rendered":"Conditions d&#8217;utilisation"},"content":{"rendered":"<p>[et_pb_section fb_built=&#8221;1&#8243; fullwidth=&#8221;on&#8221; disabled_on=&#8221;on|on|off&#8221; _builder_version=&#8221;4.27.3&#8243; _module_preset=&#8221;default&#8221; sticky_position=&#8221;top&#8221; global_module=&#8221;92&#8243; saved_tabs=&#8221;all&#8221; global_colors_info=&#8221;{}&#8221;][et_pb_fullwidth_menu menu_id=&#8221;7&#8243; fullwidth_menu=&#8221;on&#8221; dropdown_menu_line_color=&#8221;RGBA(255,255,255,0)&#8221; logo_width=&#8221;100%&#8221; _builder_version=&#8221;4.27.3&#8243; _module_preset=&#8221;default&#8221; menu_font=&#8221;|700|||||||&#8221; text_orientation=&#8221;right&#8221; width=&#8221;95%&#8221; max_width=&#8221;100%&#8221; custom_margin=&#8221;-5px||0px||false|false&#8221; custom_css_dropdown_links=&#8221;padding-right:50px;||line-height: 1.5em;||padding-bottom:5%;&#8221; global_colors_info=&#8221;{}&#8221;][\/et_pb_fullwidth_menu][\/et_pb_section][et_pb_section fb_built=&#8221;1&#8243; _builder_version=&#8221;4.27.3&#8243; _module_preset=&#8221;default&#8221; use_background_color_gradient=&#8221;on&#8221; background_color_gradient_direction=&#8221;100deg&#8221; background_color_gradient_stops=&#8221;#003751 0%|#00aead 30%|#c1198b 60%|#ee5d9e 100%&#8221; custom_padding=&#8221;0px||14px|||&#8221; custom_css_main_element=&#8221;max-height:20px !important;&#8221; global_module=&#8221;198&#8243; saved_tabs=&#8221;all&#8221; global_colors_info=&#8221;{}&#8221;][\/et_pb_section][et_pb_section fb_built=&#8221;1&#8243; admin_label=&#8221;section&#8221; _builder_version=&#8221;4.16&#8243; global_colors_info=&#8221;{}&#8221;][et_pb_row admin_label=&#8221;rang\u00e9e&#8221; _builder_version=&#8221;4.16&#8243; background_size=&#8221;initial&#8221; background_position=&#8221;top_left&#8221; background_repeat=&#8221;repeat&#8221; global_colors_info=&#8221;{}&#8221;][et_pb_column type=&#8221;4_4&#8243; _builder_version=&#8221;4.16&#8243; custom_padding=&#8221;|||&#8221; global_colors_info=&#8221;{}&#8221; custom_padding__hover=&#8221;|||&#8221;][et_pb_text admin_label=&#8221;Text&#8221; _builder_version=&#8221;4.27.3&#8243; background_size=&#8221;initial&#8221; background_position=&#8221;top_left&#8221; background_repeat=&#8221;repeat&#8221; hover_enabled=&#8221;0&#8243; global_colors_info=&#8221;{}&#8221; sticky_enabled=&#8221;0&#8243;]<\/p>\n<p><!-- divi:heading --><\/p>\n<h1 class=\"mb-2 last:mb-0\"><strong>Terms of Use<\/strong><\/h1>\n<p class=\"mb-2 last:mb-0\"><strong>Introduction<\/strong> Welcome to <span class=\" author-d-1gg9uz65z1iz85zgdz68zmqkz84zo2qotv4j4z78zz85zaz88z7z78zatz85zqiz69zz89zhz90zvz81zgf5ijseard h-ldquo\"><b>Zi<\/b><\/span><span class=\" author-d-1gg9uz65z1iz85zgdz68zmqkz84zo2qotv4j4z78zz85zaz88z7z78zatz85zqiz69zz89zhz90zvz81zgf5ijseard\"><b> Gong Lantern Culture Industry Group Inc. Co. (o\/a InLight Festival Group)<\/b><\/span>. By accessing or using our website, you agree to comply with and be bound by these Terms of Use. Please read them carefully.<\/p>\n<p class=\"mb-2 last:mb-0\"><strong>Acceptance of Terms<\/strong> By using our website, you agree to these Terms of Use and our Privacy Policy. If you do not agree, please do not use our website.<\/p>\n<p class=\"mb-2 last:mb-0\"><strong>Membership and Accounts<\/strong><\/p>\n<ul>\n<li><strong>Eligibility:<\/strong> Our website is intended for users aged 13 and up. By creating an account, you confirm that you meet this age requirement.<\/li>\n<li><strong>Account Responsibility:<\/strong> You are responsible for maintaining the confidentiality of your account information and for all activities that occur under your account.<\/li>\n<li><strong>Account Termination:<\/strong> We reserve the right to suspend or terminate your account if you violate these Terms of Use.<\/li>\n<\/ul>\n<p class=\"mb-2 last:mb-0\"><strong>User Conduct<\/strong> You agree not to use our website for any unlawful purpose or in a way that could harm our website or its users. Prohibited activities include, but are not limited to:<\/p>\n<ul>\n<li>Posting false or misleading information<\/li>\n<li>Uploading harmful content, such as viruses<\/li>\n<li>Engaging in unauthorized access or use of our systems<\/li>\n<\/ul>\n<p class=\"mb-2 last:mb-0\"><strong>Content Ownership and Use<\/strong><\/p>\n<ul>\n<li><strong>User Content:<\/strong> You retain ownership of any content you post on our website. By posting, you grant us a non-exclusive, royalty-free, perpetual license to use, reproduce, and display your content.<\/li>\n<li><strong>Website Content:<\/strong> All content on our website, including text, graphics, and logos, is owned by [InLight] or our licensors and is protected by copyright and other laws. You may not use our content without permission.<\/li>\n<\/ul>\n<p class=\"mb-2 last:mb-0\"><strong>Third-Party Links<\/strong> Our website may contain links to third-party websites. We are not responsible for the content or practices of these websites. Access them at your own risk.<\/p>\n<p class=\"mb-2 last:mb-0\"><strong>Disclaimer of Warranties<\/strong> Our website is provided &#8220;as is&#8221; without warranties of any kind, either express or implied. We do not warrant that our website will be error-free or uninterrupted.<\/p>\n<p class=\"mb-2 last:mb-0\"><strong>Limitation of Liability<\/strong> In no event shall <span class=\" author-d-1gg9uz65z1iz85zgdz68zmqkz84zo2qotv4j4z78zz85zaz88z7z78zatz85zqiz69zz89zhz90zvz81zgf5ijseard h-ldquo\"><b>Zi<\/b><\/span><span class=\" author-d-1gg9uz65z1iz85zgdz68zmqkz84zo2qotv4j4z78zz85zaz88z7z78zatz85zqiz69zz89zhz90zvz81zgf5ijseard\"><b> Gong Lantern Culture Industry Group Inc. Co.<\/b><\/span> be liable for any indirect, incidental, special, or consequential damages arising from the use of our website.<\/p>\n<p class=\"mb-2 last:mb-0\"><strong>Indemnification<\/strong> You agree to indemnify and hold <span class=\" author-d-1gg9uz65z1iz85zgdz68zmqkz84zo2qotv4j4z78zz85zaz88z7z78zatz85zqiz69zz89zhz90zvz81zgf5ijseard h-ldquo\"><b>Zi<\/b><\/span><span class=\" author-d-1gg9uz65z1iz85zgdz68zmqkz84zo2qotv4j4z78zz85zaz88z7z78zatz85zqiz69zz89zhz90zvz81zgf5ijseard\"><b> Gong Lantern Culture Industry Group Inc. Co.<\/b><\/span> harmless from any claims, losses, or damages, including legal fees, arising from your use of our website or violation of these Terms of Use.<\/p>\n<p class=\"mb-2 last:mb-0\"><strong>Changes to Terms<\/strong> We may update these Terms of Use from time to time. We will notify you of any changes by posting the new terms on this page.<\/p>\n<p class=\"mb-2 last:mb-0\"><strong>Governing Law<\/strong> These Terms of Use are governed by the laws of Canada, the European Union, and the United States, as applicable, without regard to conflict of law principles. In the event of any dispute, users agree to submit to the jurisdiction of the courts located in Canada, the European Union, or the United States, depending on the user&#8217;s location and the nature of the dispute.<\/p>\n<p class=\"mb-2 last:mb-0\"><strong>Contact Information<\/strong> For questions or concerns about these Terms of Use, please contact us at office@inlightfest.com.<\/p>\n<p><!-- \/divi:paragraph --><\/p>\n<p>[\/et_pb_text][\/et_pb_column][\/et_pb_row][\/et_pb_section][et_pb_section fb_built=&#8221;1&#8243; _builder_version=&#8221;4.27.3&#8243; _module_preset=&#8221;default&#8221; background_color=&#8221;#000000&#8243; custom_padding=&#8221;20px||20px||false|false&#8221; global_module=&#8221;66&#8243; saved_tabs=&#8221;all&#8221; global_colors_info=&#8221;{}&#8221;][et_pb_row column_structure=&#8221;1_4,1_4,1_2&#8243; _builder_version=&#8221;4.27.3&#8243; _module_preset=&#8221;default&#8221; custom_padding=&#8221;0px||0px|||&#8221; global_colors_info=&#8221;{}&#8221;][et_pb_column type=&#8221;1_4&#8243; _builder_version=&#8221;4.27.3&#8243; _module_preset=&#8221;default&#8221; global_colors_info=&#8221;{}&#8221;][et_pb_text _builder_version=&#8221;4.27.3&#8243; _module_preset=&#8221;default&#8221; text_text_color=&#8221;#FFFFFF&#8221; text_font_size=&#8221;12px&#8221; text_line_height=&#8221;1.6em&#8221; global_colors_info=&#8221;{}&#8221;]<\/p>\n<p><span><a href=\"https:\/\/inlightfest.com\/\">HOME<\/a><br \/><a href=\"https:\/\/inlightfest.com\/about\/\">ABOUT US<\/a><br \/><a href=\"https:\/\/inlightfest.com\/what-we-do\/\">WHAT WE DO<\/a><br \/><a href=\"https:\/\/inlightfest.com\/products-and-services\/\">PRODUCTS &amp; SERVICES<\/a><br \/>\u2022 \u00a0 <a href=\"https:\/\/inlightfest.com\/world-class-festivals\/\">TRADITIONAL LANTURN FESTIVALS<\/a><br \/>\u2022 \u00a0 <a href=\"https:\/\/inlightfest.com\/special-designs-with-ip-approval\/\">SPECIAL DESIGNS WITH IP APPROVAL<\/a><br \/>\u2022 \u00a0 <a href=\"https:\/\/inlightfest.com\/interactive-and-laser-shows\/\">INTERACTIVE ELEMENTS<\/a><br \/>\u2022 \u00a0 <a href=\"https:\/\/inlightfest.com\/landscaping-and-light-sculptures\/\">LANDSCAPING &amp; LIGHT SCULPTURES<\/a><br \/>\u2022 \u00a0 <a href=\"https:\/\/inlightfest.com\/animatronic-models\/\">ANIMATRONIC MODELS<\/a><br \/><\/span><br \/><span><\/span><\/p>\n<p>[\/et_pb_text][\/et_pb_column][et_pb_column type=&#8221;1_4&#8243; _builder_version=&#8221;4.27.3&#8243; _module_preset=&#8221;default&#8221; global_colors_info=&#8221;{}&#8221;][et_pb_text _builder_version=&#8221;4.27.3&#8243; _module_preset=&#8221;default&#8221; text_text_color=&#8221;#FFFFFF&#8221; text_font_size=&#8221;12px&#8221; text_line_height=&#8221;1.6em&#8221; global_colors_info=&#8221;{}&#8221;]<\/p>\n<p><span><a href=\"https:\/\/inlightfest.com\/our-events\/\">OUR EVENTS<\/a><br \/>\u2022 \u00a0 <a href=\"https:\/\/inlightfest.com\/customized-festivals-and-lights\/\">CUSTOMISED FESTIVALS &amp; LIGHTS<\/a><br \/>\u2022 \u00a0 <a href=\"https:\/\/inlightfest.com\/unique-full-service-solutions\/\">UNIQUE FULL SERVICE SOLUTIONS<\/a><br \/>\u2022 \u00a0 <a href=\"https:\/\/inlightfest.com\/on-site-visits\/\">ON-SITE VISITS<\/a><br \/>\u2022 \u00a0 <a href=\"https:\/\/inlightfest.com\/festival-design-and-management\/\">FESTIVAL DESIGN &amp; MANAGEMENT<\/a><br \/>\u2022 \u00a0 <a href=\"https:\/\/inlightfest.com\/health-and-safety\/\">HEALTH &amp; SAFETY<\/a><br \/>\u2022 \u00a0 <a href=\"https:\/\/inlightfest.com\/?page_id=242\">MARKETING SUPPORT<\/a><br \/><a href=\"https:\/\/inlightfest.com\/awards\/\">AWARDS<\/a><br \/><a href=\"https:\/\/inlightfest.com\/gallery\/\">GALLERY<\/a><br \/><a href=\"https:\/\/inlightfest.com\/media\/\" target=\"_blank\" rel=\"noopener\">MEDIA<\/a><br \/><a href=\"https:\/\/inlightfest.com\/contact\/\">CONTACT<\/a><\/span><\/p>\n<p>[\/et_pb_text][\/et_pb_column][et_pb_column type=&#8221;1_2&#8243; _builder_version=&#8221;4.27.3&#8243; _module_preset=&#8221;default&#8221; global_colors_info=&#8221;{}&#8221;][et_pb_button button_url=&#8221;https:\/\/inlightfest.com\/?page_id=64&#8243; button_text=&#8221;BOOK A MEETING&#8221; button_alignment=&#8221;right&#8221; module_class=&#8221;requestbttn&#8221; _builder_version=&#8221;4.27.3&#8243; _module_preset=&#8221;default&#8221; custom_margin=&#8221;-20px||||false|false&#8221; custom_padding=&#8221;3.3%||3.3%||false|false&#8221; global_colors_info=&#8221;{}&#8221;][\/et_pb_button][et_pb_text _builder_version=&#8221;4.27.3&#8243; _module_preset=&#8221;default&#8221; text_font_size=&#8221;11px&#8221; text_line_height=&#8221;1em&#8221; text_orientation=&#8221;right&#8221; custom_margin=&#8221;0px||0px||false|false&#8221; custom_padding=&#8221;0px||0px||false|false&#8221; global_colors_info=&#8221;{}&#8221;]<\/p>\n<p style=\"text-align: right;\"><strong><span style=\"color: #ffffff;\">This website is available in the following launguages.<\/span><br \/>\n<div role=\"navigation\" aria-label=\"S\u00e9lecteur de langue\" class=\"wpml-ls-statics-shortcode_actions wpml-ls wpml-ls-legacy-list-horizontal\">\n\t<ul><li class=\"wpml-ls-slot-shortcode_actions wpml-ls-item wpml-ls-item-en wpml-ls-first-item wpml-ls-item-legacy-list-horizontal\">\n\t\t\t\t<a href=\"https:\/\/inlightfest.com\/\" hreflang=\"en\" lang=\"en\" class=\"wpml-ls-link\" aria-label=\"Passer \u00e0 Anglais (English)\" title=\"Passer \u00e0 Anglais (English)\">\n\t\t\t\t\t<span class=\"wpml-ls-native\">English<\/span><span class=\"wpml-ls-display\"><span class=\"wpml-ls-bracket\"> (<\/span>Anglais<span class=\"wpml-ls-bracket\">)<\/span><\/span><\/a>\n\t\t\t<\/li><li class=\"wpml-ls-slot-shortcode_actions wpml-ls-item wpml-ls-item-nl wpml-ls-item-legacy-list-horizontal\">\n\t\t\t\t<a href=\"https:\/\/inlightfest.com\/nl\/\" hreflang=\"nl\" lang=\"nl\" class=\"wpml-ls-link\" aria-label=\"Passer \u00e0 N\u00e9erlandais (Nederlands)\" title=\"Passer \u00e0 N\u00e9erlandais (Nederlands)\">\n\t\t\t\t\t<span class=\"wpml-ls-native\">Nederlands<\/span><span class=\"wpml-ls-display\"><span class=\"wpml-ls-bracket\"> (<\/span>N\u00e9erlandais<span class=\"wpml-ls-bracket\">)<\/span><\/span><\/a>\n\t\t\t<\/li><li class=\"wpml-ls-slot-shortcode_actions wpml-ls-item wpml-ls-item-fr wpml-ls-current-language wpml-ls-item-legacy-list-horizontal\">\n\t\t\t\t<a href=\"https:\/\/inlightfest.com\/fr\/\" hreflang=\"fr\" lang=\"fr\" class=\"wpml-ls-link\" aria-current=\"page\" aria-label=\"Passer \u00e0 Fran\u00e7ais (Fran\u00e7ais)\" title=\"Passer \u00e0 Fran\u00e7ais (Fran\u00e7ais)\">\n\t\t\t\t\t<span class=\"wpml-ls-native\">Fran\u00e7ais<\/span><\/a>\n\t\t\t<\/li><li class=\"wpml-ls-slot-shortcode_actions wpml-ls-item wpml-ls-item-de wpml-ls-item-legacy-list-horizontal\">\n\t\t\t\t<a href=\"https:\/\/inlightfest.com\/de\/\" hreflang=\"de\" lang=\"de\" class=\"wpml-ls-link\" aria-label=\"Passer \u00e0 Allemand (Deutsch)\" title=\"Passer \u00e0 Allemand (Deutsch)\">\n\t\t\t\t\t<span class=\"wpml-ls-native\">Deutsch<\/span><span class=\"wpml-ls-display\"><span class=\"wpml-ls-bracket\"> (<\/span>Allemand<span class=\"wpml-ls-bracket\">)<\/span><\/span><\/a>\n\t\t\t<\/li><li class=\"wpml-ls-slot-shortcode_actions wpml-ls-item wpml-ls-item-it wpml-ls-item-legacy-list-horizontal\">\n\t\t\t\t<a href=\"https:\/\/inlightfest.com\/it\/\" hreflang=\"it\" lang=\"it\" class=\"wpml-ls-link\" aria-label=\"Passer \u00e0 Italien (Italiano)\" title=\"Passer \u00e0 Italien (Italiano)\">\n\t\t\t\t\t<span class=\"wpml-ls-native\">Italiano<\/span><span class=\"wpml-ls-display\"><span class=\"wpml-ls-bracket\"> (<\/span>Italien<span class=\"wpml-ls-bracket\">)<\/span><\/span><\/a>\n\t\t\t<\/li><li class=\"wpml-ls-slot-shortcode_actions wpml-ls-item wpml-ls-item-es wpml-ls-last-item wpml-ls-item-legacy-list-horizontal\">\n\t\t\t\t<a href=\"https:\/\/inlightfest.com\/es\/\" hreflang=\"es\" lang=\"es\" class=\"wpml-ls-link\" aria-label=\"Passer \u00e0 Espagnol (Espa\u00f1ol)\" title=\"Passer \u00e0 Espagnol (Espa\u00f1ol)\">\n\t\t\t\t\t<span class=\"wpml-ls-native\">Espa\u00f1ol<\/span><span class=\"wpml-ls-display\"><span class=\"wpml-ls-bracket\"> (<\/span>Espagnol<span class=\"wpml-ls-bracket\">)<\/span><\/span><\/a>\n\t\t\t<\/li><\/ul>\n<\/div>\n<br \/><\/strong><\/p>\n<p>[\/et_pb_text][et_pb_image src=&#8221;https:\/\/inlightfest.com\/wp-content\/uploads\/2025\/01\/inLight-Lockup2-on-blacktransparent-RGB.png&#8221; title_text=&#8221;inLight-Lockup2-sur-noir(transparent)-RGB&#8221; module_class=&#8221;footerlogo&#8221; _builder_version=&#8221;4.27.3&#8243; _module_preset=&#8221;default&#8221; width=&#8221;43%&#8221; module_alignment=&#8221;right&#8221; custom_margin=&#8221;64px||||false|false&#8221; global_colors_info=&#8221;{}&#8221;][\/et_pb_image][\/et_pb_column][\/et_pb_row][et_pb_row _builder_version=&#8221;4.27.3&#8243; _module_preset=&#8221;default&#8221; global_colors_info=&#8221;{}&#8221;][et_pb_column type=&#8221;4_4&#8243; _builder_version=&#8221;4.27.3&#8243; _module_preset=&#8221;default&#8221; global_colors_info=&#8221;{}&#8221;][et_pb_text _builder_version=&#8221;4.27.3&#8243; _module_preset=&#8221;default&#8221; text_text_color=&#8221;#FFFFFF&#8221; text_font_size=&#8221;12px&#8221; global_colors_info=&#8221;{}&#8221;]<\/p>\n<p><span>\u00a92025 <span class=\" author-d-1gg9uz65z1iz85zgdz68zmqkz84zo2qotv4j4z78zz85zaz88z7z78zatz85zqiz69zz89zhz90zvz81zgf5ijseard h-ldquo\">Zi<\/span><span class=\" author-d-1gg9uz65z1iz85zgdz68zmqkz84zo2qotv4j4z78zz85zaz88z7z78zatz85zqiz69zz89zhz90zvz81zgf5ijseard\"> Gong Lantern Culture Industry Group Inc. Co.<\/span>\u00a0| <a href=\"https:\/\/inlightfest.com\/privacy-policy\/\">Privacy Policy<\/a> | <a href=\"https:\/\/inlightfest.com\/terms-of-use\/\">Terms of Use<\/a> | Website by <a href=\"https:\/\/torontocreatives.com\">TC<\/a><\/span><\/p>\n<p>[\/et_pb_text][\/et_pb_column][\/et_pb_row][\/et_pb_section]<\/p>\n","protected":false},"excerpt":{"rendered":"<p>Terms of Use Introduction Welcome to Zi Gong Lantern Culture Industry Group Inc. Co. (o\/a InLight Festival Group). By accessing or using our website, you agree to comply with and be bound by these Terms of Use. Please read them carefully. Acceptance of Terms By using our website, you agree to these Terms of Use [&hellip;]<\/p>\n","protected":false},"author":2,"featured_media":0,"parent":0,"menu_order":0,"comment_status":"closed","ping_status":"open","template":"","meta":{"_et_pb_use_builder":"on","_et_pb_old_content":"","_et_gb_content_width":"","_joinchat":[],"footnotes":""},"class_list":["post-2066","page","type-page","status-publish","hentry"],"yoast_head":"<!-- This site is optimized with the Yoast SEO plugin v27.4 - https:\/\/yoast.com\/product\/yoast-seo-wordpress\/ -->\n<title>Conditions d&#039;utilisation - InLight<\/title>\n<meta name=\"robots\" content=\"index, follow, max-snippet:-1, max-image-preview:large, max-video-preview:-1\" \/>\n<link rel=\"canonical\" href=\"https:\/\/inlightfest.com\/fr\/conditions-dutilisation\/\" \/>\n<meta property=\"og:locale\" content=\"fr_FR\" \/>\n<meta property=\"og:type\" content=\"article\" \/>\n<meta property=\"og:title\" content=\"Conditions d&#039;utilisation - InLight\" \/>\n<meta property=\"og:description\" content=\"Terms of Use Introduction Welcome to Zi Gong Lantern Culture Industry Group Inc. Co. (o\/a InLight Festival Group). By accessing or using our website, you agree to comply with and be bound by these Terms of Use. Please read them carefully. Acceptance of Terms By using our website, you agree to these Terms of Use [&hellip;]\" \/>\n<meta property=\"og:url\" content=\"https:\/\/inlightfest.com\/fr\/conditions-dutilisation\/\" \/>\n<meta property=\"og:site_name\" content=\"InLight\" \/>\n<meta property=\"article:modified_time\" content=\"2025-04-08T05:17:21+00:00\" \/>\n<meta name=\"twitter:card\" content=\"summary_large_image\" \/>\n<meta name=\"twitter:label1\" content=\"Dur\u00e9e de lecture estim\u00e9e\" \/>\n\t<meta name=\"twitter:data1\" content=\"6 minutes\" \/>\n<script type=\"application\/ld+json\" class=\"yoast-schema-graph\">{\"@context\":\"https:\\\/\\\/schema.org\",\"@graph\":[{\"@type\":[\"Article\",\"BlogPosting\"],\"@id\":\"https:\\\/\\\/inlightfest.com\\\/fr\\\/conditions-dutilisation\\\/#article\",\"isPartOf\":{\"@id\":\"https:\\\/\\\/inlightfest.com\\\/fr\\\/conditions-dutilisation\\\/\"},\"author\":{\"name\":\"inlightadmin\",\"@id\":\"https:\\\/\\\/inlightfest.com\\\/fr\\\/#\\\/schema\\\/person\\\/fc15f22cc959ee49cfed62825e7d4d5a\"},\"headline\":\"Conditions d&#8217;utilisation\",\"datePublished\":\"2025-01-07T00:20:03+00:00\",\"dateModified\":\"2025-04-08T05:17:21+00:00\",\"mainEntityOfPage\":{\"@id\":\"https:\\\/\\\/inlightfest.com\\\/fr\\\/conditions-dutilisation\\\/\"},\"wordCount\":1121,\"publisher\":{\"@id\":\"https:\\\/\\\/inlightfest.com\\\/fr\\\/#organization\"},\"inLanguage\":\"fr-FR\"},{\"@type\":[\"WebPage\",\"ItemPage\"],\"@id\":\"https:\\\/\\\/inlightfest.com\\\/fr\\\/conditions-dutilisation\\\/\",\"url\":\"https:\\\/\\\/inlightfest.com\\\/fr\\\/conditions-dutilisation\\\/\",\"name\":\"Conditions d'utilisation - InLight\",\"isPartOf\":{\"@id\":\"https:\\\/\\\/inlightfest.com\\\/fr\\\/#website\"},\"datePublished\":\"2025-01-07T00:20:03+00:00\",\"dateModified\":\"2025-04-08T05:17:21+00:00\",\"breadcrumb\":{\"@id\":\"https:\\\/\\\/inlightfest.com\\\/fr\\\/conditions-dutilisation\\\/#breadcrumb\"},\"inLanguage\":\"fr-FR\",\"potentialAction\":[{\"@type\":\"ReadAction\",\"target\":[\"https:\\\/\\\/inlightfest.com\\\/fr\\\/conditions-dutilisation\\\/\"]}]},{\"@type\":\"BreadcrumbList\",\"@id\":\"https:\\\/\\\/inlightfest.com\\\/fr\\\/conditions-dutilisation\\\/#breadcrumb\",\"itemListElement\":[{\"@type\":\"ListItem\",\"position\":1,\"name\":\"Home\",\"item\":\"https:\\\/\\\/inlightfest.com\\\/fr\\\/accueil\\\/\"},{\"@type\":\"ListItem\",\"position\":2,\"name\":\"Conditions d&#8217;utilisation\"}]},{\"@type\":\"WebSite\",\"@id\":\"https:\\\/\\\/inlightfest.com\\\/fr\\\/#website\",\"url\":\"https:\\\/\\\/inlightfest.com\\\/fr\\\/\",\"name\":\"InLight\",\"description\":\"Light Up Your Imagination | The Original Lantern Festival Group\",\"publisher\":{\"@id\":\"https:\\\/\\\/inlightfest.com\\\/fr\\\/#organization\"},\"potentialAction\":[{\"@type\":\"SearchAction\",\"target\":{\"@type\":\"EntryPoint\",\"urlTemplate\":\"https:\\\/\\\/inlightfest.com\\\/fr\\\/?s={search_term_string}\"},\"query-input\":{\"@type\":\"PropertyValueSpecification\",\"valueRequired\":true,\"valueName\":\"search_term_string\"}}],\"inLanguage\":\"fr-FR\"},{\"@type\":\"Organization\",\"@id\":\"https:\\\/\\\/inlightfest.com\\\/fr\\\/#organization\",\"name\":\"Zigong Lantern Culture Industry Group Co., Ltd\",\"url\":\"https:\\\/\\\/inlightfest.com\\\/fr\\\/\",\"logo\":{\"@type\":\"ImageObject\",\"inLanguage\":\"fr-FR\",\"@id\":\"https:\\\/\\\/inlightfest.com\\\/fr\\\/#\\\/schema\\\/logo\\\/image\\\/\",\"url\":\"https:\\\/\\\/inlightfest.com\\\/wp-content\\\/uploads\\\/2025\\\/01\\\/inLight-Lockup2-on-blacktransparent-RGB.png\",\"contentUrl\":\"https:\\\/\\\/inlightfest.com\\\/wp-content\\\/uploads\\\/2025\\\/01\\\/inLight-Lockup2-on-blacktransparent-RGB.png\",\"width\":3000,\"height\":991,\"caption\":\"Zigong Lantern Culture Industry Group Co., Ltd\"},\"image\":{\"@id\":\"https:\\\/\\\/inlightfest.com\\\/fr\\\/#\\\/schema\\\/logo\\\/image\\\/\"}},{\"@type\":\"Person\",\"@id\":\"https:\\\/\\\/inlightfest.com\\\/fr\\\/#\\\/schema\\\/person\\\/fc15f22cc959ee49cfed62825e7d4d5a\",\"name\":\"inlightadmin\",\"sameAs\":[\"https:\\\/\\\/inlightfest.com\"],\"url\":\"https:\\\/\\\/inlightfest.com\\\/fr\\\/author\\\/inlightadmin\\\/\"}]}<\/script>\n<!-- \/ Yoast SEO plugin. -->","yoast_head_json":{"title":"Conditions d'utilisation - InLight","robots":{"index":"index","follow":"follow","max-snippet":"max-snippet:-1","max-image-preview":"max-image-preview:large","max-video-preview":"max-video-preview:-1"},"canonical":"https:\/\/inlightfest.com\/fr\/conditions-dutilisation\/","og_locale":"fr_FR","og_type":"article","og_title":"Conditions d'utilisation - InLight","og_description":"Terms of Use Introduction Welcome to Zi Gong Lantern Culture Industry Group Inc. Co. (o\/a InLight Festival Group). By accessing or using our website, you agree to comply with and be bound by these Terms of Use. Please read them carefully. Acceptance of Terms By using our website, you agree to these Terms of Use [&hellip;]","og_url":"https:\/\/inlightfest.com\/fr\/conditions-dutilisation\/","og_site_name":"InLight","article_modified_time":"2025-04-08T05:17:21+00:00","twitter_card":"summary_large_image","twitter_misc":{"Dur\u00e9e de lecture estim\u00e9e":"6 minutes"},"schema":{"@context":"https:\/\/schema.org","@graph":[{"@type":["Article","BlogPosting"],"@id":"https:\/\/inlightfest.com\/fr\/conditions-dutilisation\/#article","isPartOf":{"@id":"https:\/\/inlightfest.com\/fr\/conditions-dutilisation\/"},"author":{"name":"inlightadmin","@id":"https:\/\/inlightfest.com\/fr\/#\/schema\/person\/fc15f22cc959ee49cfed62825e7d4d5a"},"headline":"Conditions d&#8217;utilisation","datePublished":"2025-01-07T00:20:03+00:00","dateModified":"2025-04-08T05:17:21+00:00","mainEntityOfPage":{"@id":"https:\/\/inlightfest.com\/fr\/conditions-dutilisation\/"},"wordCount":1121,"publisher":{"@id":"https:\/\/inlightfest.com\/fr\/#organization"},"inLanguage":"fr-FR"},{"@type":["WebPage","ItemPage"],"@id":"https:\/\/inlightfest.com\/fr\/conditions-dutilisation\/","url":"https:\/\/inlightfest.com\/fr\/conditions-dutilisation\/","name":"Conditions d'utilisation - InLight","isPartOf":{"@id":"https:\/\/inlightfest.com\/fr\/#website"},"datePublished":"2025-01-07T00:20:03+00:00","dateModified":"2025-04-08T05:17:21+00:00","breadcrumb":{"@id":"https:\/\/inlightfest.com\/fr\/conditions-dutilisation\/#breadcrumb"},"inLanguage":"fr-FR","potentialAction":[{"@type":"ReadAction","target":["https:\/\/inlightfest.com\/fr\/conditions-dutilisation\/"]}]},{"@type":"BreadcrumbList","@id":"https:\/\/inlightfest.com\/fr\/conditions-dutilisation\/#breadcrumb","itemListElement":[{"@type":"ListItem","position":1,"name":"Home","item":"https:\/\/inlightfest.com\/fr\/accueil\/"},{"@type":"ListItem","position":2,"name":"Conditions d&#8217;utilisation"}]},{"@type":"WebSite","@id":"https:\/\/inlightfest.com\/fr\/#website","url":"https:\/\/inlightfest.com\/fr\/","name":"InLight","description":"Light Up Your Imagination | The Original Lantern Festival Group","publisher":{"@id":"https:\/\/inlightfest.com\/fr\/#organization"},"potentialAction":[{"@type":"SearchAction","target":{"@type":"EntryPoint","urlTemplate":"https:\/\/inlightfest.com\/fr\/?s={search_term_string}"},"query-input":{"@type":"PropertyValueSpecification","valueRequired":true,"valueName":"search_term_string"}}],"inLanguage":"fr-FR"},{"@type":"Organization","@id":"https:\/\/inlightfest.com\/fr\/#organization","name":"Zigong Lantern Culture Industry Group Co., Ltd","url":"https:\/\/inlightfest.com\/fr\/","logo":{"@type":"ImageObject","inLanguage":"fr-FR","@id":"https:\/\/inlightfest.com\/fr\/#\/schema\/logo\/image\/","url":"https:\/\/inlightfest.com\/wp-content\/uploads\/2025\/01\/inLight-Lockup2-on-blacktransparent-RGB.png","contentUrl":"https:\/\/inlightfest.com\/wp-content\/uploads\/2025\/01\/inLight-Lockup2-on-blacktransparent-RGB.png","width":3000,"height":991,"caption":"Zigong Lantern Culture Industry Group Co., Ltd"},"image":{"@id":"https:\/\/inlightfest.com\/fr\/#\/schema\/logo\/image\/"}},{"@type":"Person","@id":"https:\/\/inlightfest.com\/fr\/#\/schema\/person\/fc15f22cc959ee49cfed62825e7d4d5a","name":"inlightadmin","sameAs":["https:\/\/inlightfest.com"],"url":"https:\/\/inlightfest.com\/fr\/author\/inlightadmin\/"}]}},"_links":{"self":[{"href":"https:\/\/inlightfest.com\/fr\/wp-json\/wp\/v2\/pages\/2066","targetHints":{"allow":["GET"]}}],"collection":[{"href":"https:\/\/inlightfest.com\/fr\/wp-json\/wp\/v2\/pages"}],"about":[{"href":"https:\/\/inlightfest.com\/fr\/wp-json\/wp\/v2\/types\/page"}],"author":[{"embeddable":true,"href":"https:\/\/inlightfest.com\/fr\/wp-json\/wp\/v2\/users\/2"}],"replies":[{"embeddable":true,"href":"https:\/\/inlightfest.com\/fr\/wp-json\/wp\/v2\/comments?post=2066"}],"version-history":[{"count":5,"href":"https:\/\/inlightfest.com\/fr\/wp-json\/wp\/v2\/pages\/2066\/revisions"}],"predecessor-version":[{"id":3704,"href":"https:\/\/inlightfest.com\/fr\/wp-json\/wp\/v2\/pages\/2066\/revisions\/3704"}],"wp:attachment":[{"href":"https:\/\/inlightfest.com\/fr\/wp-json\/wp\/v2\/media?parent=2066"}],"curies":[{"name":"wp","href":"https:\/\/api.w.org\/{rel}","templated":true}]}}