{"id":4447,"date":"2024-12-21T18:47:08","date_gmt":"2024-12-21T10:47:08","guid":{"rendered":"https:\/\/inlightfest.com\/salud-y-seguridad\/"},"modified":"2025-09-25T15:24:51","modified_gmt":"2025-09-25T07:24:51","slug":"salud-y-seguridad","status":"publish","type":"page","link":"https:\/\/inlightfest.com\/es\/salud-y-seguridad\/","title":{"rendered":"Salud y seguridad"},"content":{"rendered":"<p>[et_pb_section fb_built=&#8221;1&#8243; fullwidth=&#8221;on&#8221; disabled_on=&#8221;on|on|off&#8221; _builder_version=&#8221;4.27.3&#8243; _module_preset=&#8221;default&#8221; global_module=&#8221;92&#8243; saved_tabs=&#8221;all&#8221; global_colors_info=&#8221;{}&#8221;][et_pb_fullwidth_menu menu_id=&#8221;7&#8243; fullwidth_menu=&#8221;on&#8221; dropdown_menu_line_color=&#8221;RGBA(255,255,255,0)&#8221; logo_width=&#8221;100%&#8221; _builder_version=&#8221;4.27.3&#8243; _module_preset=&#8221;default&#8221; menu_font=&#8221;|700|||||||&#8221; text_orientation=&#8221;right&#8221; width=&#8221;95%&#8221; max_width=&#8221;100%&#8221; custom_margin=&#8221;-5px||0px||false|false&#8221; custom_css_dropdown_links=&#8221;padding-right:50px;||line-height: 1.5em;||padding-bottom:5%;&#8221; global_colors_info=&#8221;{}&#8221;][\/et_pb_fullwidth_menu][\/et_pb_section][et_pb_section fb_built=&#8221;1&#8243; _builder_version=&#8221;4.27.3&#8243; _module_preset=&#8221;default&#8221; use_background_color_gradient=&#8221;on&#8221; background_color_gradient_direction=&#8221;100deg&#8221; background_color_gradient_stops=&#8221;#003751 0%|#00aead 30%|#c1198b 60%|#ee5d9e 100%&#8221; custom_padding=&#8221;0px||14px|||&#8221; custom_css_main_element=&#8221;max-height:20px !important;&#8221; global_module=&#8221;198&#8243; saved_tabs=&#8221;all&#8221; global_colors_info=&#8221;{}&#8221;][\/et_pb_section][et_pb_section fb_built=&#8221;1&#8243; _builder_version=&#8221;4.27.3&#8243; _module_preset=&#8221;default&#8221; background_video_mp4=&#8221;https:\/\/inlightfest.com\/wp-content\/uploads\/2024\/12\/InLight-Temp_banner_video.mp4&#8243; global_module=&#8221;207&#8243; global_colors_info=&#8221;{}&#8221;][et_pb_row _builder_version=&#8221;4.27.3&#8243; _module_preset=&#8221;default&#8221; custom_padding=&#8221;||19px|||&#8221; global_colors_info=&#8221;{}&#8221;][et_pb_column type=&#8221;4_4&#8243; _builder_version=&#8221;4.27.3&#8243; _module_preset=&#8221;default&#8221; global_colors_info=&#8221;{}&#8221;][et_pb_post_title meta=&#8221;off&#8221; featured_image=&#8221;off&#8221; text_color=&#8221;light&#8221; _builder_version=&#8221;4.27.3&#8243; _module_preset=&#8221;default&#8221; text_orientation=&#8221;right&#8221; global_colors_info=&#8221;{}&#8221;][\/et_pb_post_title][\/et_pb_column][\/et_pb_row][\/et_pb_section][et_pb_section fb_built=&#8221;1&#8243; _builder_version=&#8221;4.27.3&#8243; _module_preset=&#8221;default&#8221; global_colors_info=&#8221;{}&#8221;][et_pb_row column_structure=&#8221;2_5,3_5&#8243; make_equal=&#8221;on&#8221; _builder_version=&#8221;4.27.3&#8243; _module_preset=&#8221;default&#8221; width=&#8221;50%&#8221; width_tablet=&#8221;75%&#8221; width_phone=&#8221;75%&#8221; width_last_edited=&#8221;on|phone&#8221; module_alignment=&#8221;center&#8221; global_colors_info=&#8221;{}&#8221;][et_pb_column type=&#8221;2_5&#8243; _builder_version=&#8221;4.27.3&#8243; _module_preset=&#8221;default&#8221; custom_css_main_element=&#8221;margin:auto;&#8221; global_colors_info=&#8221;{}&#8221;][et_pb_image src=&#8221;https:\/\/inlightfest.com\/wp-content\/uploads\/2024\/12\/health-and-safety2.png&#8221; title_text=&#8221;salud y seguridad2&#8243; _builder_version=&#8221;4.27.3&#8243; _module_preset=&#8221;default&#8221; hover_enabled=&#8221;0&#8243; custom_css_main_element=&#8221;margin:auto;&#8221; global_colors_info=&#8221;{}&#8221; width_last_edited=&#8221;on|phone&#8221; sticky_enabled=&#8221;0&#8243; width_tablet=&#8221;75%&#8221; module_alignment=&#8221;center&#8221; width_phone=&#8221;90%&#8221; custom_margin_last_edited=&#8221;on|tablet&#8221; custom_margin_tablet=&#8221;||35px||false|false&#8221; custom_margin_phone=&#8221;||35px||false|false&#8221;][\/et_pb_image][\/et_pb_column][et_pb_column type=&#8221;3_5&#8243; _builder_version=&#8221;4.27.3&#8243; _module_preset=&#8221;default&#8221; custom_css_main_element=&#8221;margin:auto;&#8221; global_colors_info=&#8221;{}&#8221;][et_pb_text _builder_version=&#8221;4.27.3&#8243; _module_preset=&#8221;default&#8221; global_colors_info=&#8221;{}&#8221;]<\/p>\n<p class=\"mb-2 last:mb-0\">En InLight Festival Group, la salud y la seguridad son primordiales en cada festival que dise\u00f1amos y ejecutamos. Nos comprometemos a mantener las normas m\u00e1s estrictas del sector, garantizando que cada uno de nuestros productos se elabore con una calidad y una atenci\u00f3n al detalle excepcionales. Nuestro riguroso enfoque garantiza el cumplimiento de todas las normativas locales sobre salud y seguridad, proporcionando tranquilidad tanto a nuestros socios como a los asistentes.  <\/p>\n<p class=\"mb-2 last:mb-0\">Nuestro equipo eval\u00faa meticulosamente cada lugar para identificar y abordar cualquier posible problema de seguridad. Al integrar estas consideraciones en nuestros procesos de dise\u00f1o y construcci\u00f3n, garantizamos un entorno seguro y agradable para todos los implicados. Tanto si se trata de la integridad estructural de nuestras instalaciones como de los protocolos de seguridad que aplicamos, no dejamos piedra sin remover en nuestra b\u00fasqueda de la excelencia.  <\/p>\n<p class=\"mb-2 last:mb-0\">La dedicaci\u00f3n de InLight Festival Group a la salud y la seguridad se refleja en nuestras estrategias integrales de planificaci\u00f3n y ejecuci\u00f3n, que nos permiten ofrecer festivales excepcionales que dan prioridad al bienestar de todos los participantes. Conf\u00eda en nosotros para crear un evento que no s\u00f3lo deslumbre por su belleza, sino que tambi\u00e9n marque la pauta en seguridad y calidad. <\/p>\n<p>[\/et_pb_text][\/et_pb_column][\/et_pb_row][\/et_pb_section][et_pb_section fb_built=&#8221;1&#8243; _builder_version=&#8221;4.27.3&#8243; _module_preset=&#8221;default&#8221; background_color=&#8221;#000000&#8243; custom_padding=&#8221;20px||20px||false|false&#8221; global_module=&#8221;66&#8243; saved_tabs=&#8221;all&#8221; global_colors_info=&#8221;{}&#8221;][et_pb_row column_structure=&#8221;1_4,1_4,1_2&#8243; _builder_version=&#8221;4.27.3&#8243; _module_preset=&#8221;default&#8221; custom_padding=&#8221;0px||0px|||&#8221; global_colors_info=&#8221;{}&#8221;][et_pb_column type=&#8221;1_4&#8243; _builder_version=&#8221;4.27.3&#8243; _module_preset=&#8221;default&#8221; global_colors_info=&#8221;{}&#8221;][et_pb_text _builder_version=&#8221;4.27.3&#8243; _module_preset=&#8221;default&#8221; text_text_color=&#8221;#FFFFFF&#8221; text_font_size=&#8221;12px&#8221; text_line_height=&#8221;1.6em&#8221; global_colors_info=&#8221;{}&#8221;]<\/p>\n<p><span><a href=\"https:\/\/inlightfest.com\/?lang=es\">INICIO<\/a><br \/><a href=\"https:\/\/inlightfest.com\/quienes-somos\/?lang=es\">SOBRE NOSOTROS<\/a><br \/><a href=\"https:\/\/inlightfest.com\/que-hacemos\/?lang=es\">QU\u00c9 HACEMOS<\/a><br \/><a href=\"https:\/\/inlightfest.com\/productos-y-servicios\/?lang=es\">PRODUCTOS Y SERVICIOS<\/a><br \/>&#8211; <a href=\"https:\/\/inlightfest.com\/festivales-de-talla-mundial\/?lang=es\">FIESTAS TRADICIONALES LANTURNAS<\/a><br \/>&#8211; <a href=\"https:\/\/inlightfest.com\/disenos-especiales-con-aprobacion-de-pi\/?lang=es\">DISE\u00d1OS ESPECIALES CON APROBACI\u00d3N IP<\/a><br \/>&#8211; <a href=\"https:\/\/inlightfest.com\/elementos-interactivos\/?lang=es\">ESPECT\u00c1CULOS INTERACTIVOS Y L\u00c1SER<\/a><br \/>&#8211; <a href=\"https:\/\/inlightfest.com\/paisajismo-y-esculturas-de-luz\/?lang=es\">PAISAJISMO Y ESCULTURAS DE LUZ<\/a><br \/>&#8211; <a href=\"https:\/\/inlightfest.com\/modelos-animatronicos\/?lang=es\">MODELOS ANIMATR\u00d3NICOS<\/a><br \/><\/span><br \/><span><\/span><\/p>\n<p>[\/et_pb_text][\/et_pb_column][et_pb_column type=&#8221;1_4&#8243; _builder_version=&#8221;4.27.3&#8243; _module_preset=&#8221;default&#8221; global_colors_info=&#8221;{}&#8221;][et_pb_text _builder_version=&#8221;4.27.3&#8243; _module_preset=&#8221;default&#8221; text_text_color=&#8221;#FFFFFF&#8221; text_font_size=&#8221;12px&#8221; text_line_height=&#8221;1.6em&#8221; global_colors_info=&#8221;{}&#8221;]<\/p>\n<p><span><a href=\"https:\/\/inlightfest.com\/nuestros-eventos\/?lang=es\">NUESTROS EVENTOS<\/a><br \/>&#8211; <a href=\"https:\/\/inlightfest.com\/fiestas-y-luces-personalizadas\/?lang=es\">FESTIVALES Y LUCES PERSONALIZADOS<\/a><br \/>&#8211; <a href=\"https:\/\/inlightfest.com\/soluciones-unicas-de-servicio-completo\/?lang=es\">SOLUCIONES \u00daNICAS DE SERVICIO COMPLETO<\/a><br \/>&#8211; <a href=\"https:\/\/inlightfest.com\/visitas-in-situ\/?lang=es\">VISITAS IN SITU<\/a><br \/>&#8211; <a href=\"https:\/\/inlightfest.com\/diseno-y-gestion-de-festivales\/?lang=es\">DISE\u00d1O Y GESTI\u00d3N DE FESTIVALES<\/a><br \/>&#8211; <a href=\"https:\/\/inlightfest.com\/salud-y-seguridad\/?lang=es\">SALUD Y SEGURIDAD<\/a><br \/>&#8211; <a href=\"https:\/\/inlightfest.com\/?page_id=242\">APOYO DE MARKETING<\/a><br \/><a href=\"https:\/\/inlightfest.com\/premios\/?lang=es\">PREMIOS<\/a><br \/><a href=\"https:\/\/inlightfest.com\/galeria\/?lang=es\">GALER\u00cdA<\/a><br \/><a href=\"https:\/\/inlightfest.com\/ponte-en-contacto-con\/?lang=es\">CONTACTO<\/a><\/span><\/p>\n<p>[\/et_pb_text][\/et_pb_column][et_pb_column type=&#8221;1_2&#8243; _builder_version=&#8221;4.27.3&#8243; _module_preset=&#8221;default&#8221; global_colors_info=&#8221;{}&#8221;][et_pb_button button_url=&#8221;https:\/\/inlightfest.com\/ponte-en-contacto-con\/?lang=es&#8221; button_text=&#8221;SOLICITAR INFORMACI\u00d3N&#8221; button_alignment=&#8221;right&#8221; module_class=&#8221;requestbttn&#8221; _builder_version=&#8221;4.27.3&#8243; _module_preset=&#8221;default&#8221; custom_margin=&#8221;-20px||||false|false&#8221; custom_padding=&#8221;3.3%||3.3%||false|false&#8221; global_colors_info=&#8221;{}&#8221;][\/et_pb_button][et_pb_image src=&#8221;https:\/\/inlightfest.com\/wp-content\/uploads\/2025\/01\/inLight-Lockup2-on-blacktransparent-RGB.png&#8221; title_text=&#8221;inLight-Lockup2-en-negro(transparente)-RGB&#8221; module_class=&#8221;footerlogo&#8221; _builder_version=&#8221;4.27.3&#8243; _module_preset=&#8221;default&#8221; width=&#8221;43%&#8221; module_alignment=&#8221;right&#8221; custom_margin=&#8221;64px||||false|false&#8221; global_colors_info=&#8221;{}&#8221;][\/et_pb_image][\/et_pb_column][\/et_pb_row][et_pb_row _builder_version=&#8221;4.27.3&#8243; _module_preset=&#8221;default&#8221; global_colors_info=&#8221;{}&#8221;][et_pb_column type=&#8221;4_4&#8243; _builder_version=&#8221;4.27.3&#8243; _module_preset=&#8221;default&#8221; global_colors_info=&#8221;{}&#8221;][et_pb_text _builder_version=&#8221;4.27.3&#8243; _module_preset=&#8221;default&#8221; text_text_color=&#8221;#FFFFFF&#8221; text_font_size=&#8221;12px&#8221; global_colors_info=&#8221;{}&#8221;]<\/p>\n<p><span>\u00a92024 InLight Festival Group | <a href=\"https:\/\/inlightfest.com\/politica-de-privacidad\/?lang=es\">Pol\u00edtica de privacidad<\/a> | <a href=\"https:\/\/inlightfest.com\/condiciones-de-uso\/?lang=es\">Condiciones de uso<\/a> | Sitio web de <a href=\"https:\/\/torontocreatives.com\">TC<\/a><\/span><\/p>\n<p>[\/et_pb_text][\/et_pb_column][\/et_pb_row][\/et_pb_section]<\/p>\n","protected":false},"excerpt":{"rendered":"<p>En InLight Festival Group, la salud y la seguridad son primordiales en cada festival que dise\u00f1amos y ejecutamos. Nos comprometemos a mantener las normas m\u00e1s estrictas del sector, garantizando que cada uno de nuestros productos se elabore con una calidad y una atenci\u00f3n al detalle excepcionales. Nuestro riguroso enfoque garantiza el cumplimiento de todas las [&hellip;]<\/p>\n","protected":false},"author":2,"featured_media":0,"parent":0,"menu_order":0,"comment_status":"closed","ping_status":"closed","template":"","meta":{"_et_pb_use_builder":"on","_et_pb_old_content":"","_et_gb_content_width":"","_joinchat":[],"footnotes":""},"class_list":["post-4447","page","type-page","status-publish","hentry"],"yoast_head":"<!-- This site is optimized with the Yoast SEO plugin v27.4 - https:\/\/yoast.com\/product\/yoast-seo-wordpress\/ -->\n<title>Salud y seguridad - InLight<\/title>\n<meta name=\"description\" content=\"Nos comprometemos a mantener los est\u00e1ndares m\u00e1s elevados del sector, garantizando que cada uno de nuestros productos se elabore con una calidad y una atenci\u00f3n al detalle excepcionales.\" \/>\n<meta name=\"robots\" content=\"index, follow, max-snippet:-1, max-image-preview:large, max-video-preview:-1\" \/>\n<link rel=\"canonical\" href=\"https:\/\/inlightfest.com\/es\/salud-y-seguridad\/\" \/>\n<meta property=\"og:locale\" content=\"es_ES\" \/>\n<meta property=\"og:type\" content=\"article\" \/>\n<meta property=\"og:title\" content=\"Salud y seguridad - InLight\" \/>\n<meta property=\"og:description\" content=\"Nos comprometemos a mantener los est\u00e1ndares m\u00e1s elevados del sector, garantizando que cada uno de nuestros productos se elabore con una calidad y una atenci\u00f3n al detalle excepcionales.\" \/>\n<meta property=\"og:url\" content=\"https:\/\/inlightfest.com\/es\/salud-y-seguridad\/\" \/>\n<meta property=\"og:site_name\" content=\"InLight\" \/>\n<meta property=\"article:modified_time\" content=\"2025-09-25T07:24:51+00:00\" \/>\n<meta name=\"twitter:card\" content=\"summary_large_image\" \/>\n<meta name=\"twitter:label1\" content=\"Tiempo de lectura\" \/>\n\t<meta name=\"twitter:data1\" content=\"5 minutos\" \/>\n<script type=\"application\/ld+json\" class=\"yoast-schema-graph\">{\"@context\":\"https:\\\/\\\/schema.org\",\"@graph\":[{\"@type\":[\"Article\",\"BlogPosting\"],\"@id\":\"https:\\\/\\\/inlightfest.com\\\/es\\\/salud-y-seguridad\\\/#article\",\"isPartOf\":{\"@id\":\"https:\\\/\\\/inlightfest.com\\\/es\\\/salud-y-seguridad\\\/\"},\"author\":{\"name\":\"inlightadmin\",\"@id\":\"https:\\\/\\\/inlightfest.com\\\/es\\\/#\\\/schema\\\/person\\\/fc15f22cc959ee49cfed62825e7d4d5a\"},\"headline\":\"Salud y seguridad\",\"datePublished\":\"2024-12-21T10:47:08+00:00\",\"dateModified\":\"2025-09-25T07:24:51+00:00\",\"mainEntityOfPage\":{\"@id\":\"https:\\\/\\\/inlightfest.com\\\/es\\\/salud-y-seguridad\\\/\"},\"wordCount\":975,\"publisher\":{\"@id\":\"https:\\\/\\\/inlightfest.com\\\/es\\\/#organization\"},\"inLanguage\":\"es\"},{\"@type\":[\"WebPage\",\"ItemPage\"],\"@id\":\"https:\\\/\\\/inlightfest.com\\\/es\\\/salud-y-seguridad\\\/\",\"url\":\"https:\\\/\\\/inlightfest.com\\\/es\\\/salud-y-seguridad\\\/\",\"name\":\"Salud y seguridad - InLight\",\"isPartOf\":{\"@id\":\"https:\\\/\\\/inlightfest.com\\\/es\\\/#website\"},\"datePublished\":\"2024-12-21T10:47:08+00:00\",\"dateModified\":\"2025-09-25T07:24:51+00:00\",\"description\":\"Nos comprometemos a mantener los est\u00e1ndares m\u00e1s elevados del sector, garantizando que cada uno de nuestros productos se elabore con una calidad y una atenci\u00f3n al detalle excepcionales.\",\"breadcrumb\":{\"@id\":\"https:\\\/\\\/inlightfest.com\\\/es\\\/salud-y-seguridad\\\/#breadcrumb\"},\"inLanguage\":\"es\",\"potentialAction\":[{\"@type\":\"ReadAction\",\"target\":[\"https:\\\/\\\/inlightfest.com\\\/es\\\/salud-y-seguridad\\\/\"]}]},{\"@type\":\"BreadcrumbList\",\"@id\":\"https:\\\/\\\/inlightfest.com\\\/es\\\/salud-y-seguridad\\\/#breadcrumb\",\"itemListElement\":[{\"@type\":\"ListItem\",\"position\":1,\"name\":\"Home\",\"item\":\"https:\\\/\\\/inlightfest.com\\\/es\\\/inicio\\\/\"},{\"@type\":\"ListItem\",\"position\":2,\"name\":\"Salud y seguridad\"}]},{\"@type\":\"WebSite\",\"@id\":\"https:\\\/\\\/inlightfest.com\\\/es\\\/#website\",\"url\":\"https:\\\/\\\/inlightfest.com\\\/es\\\/\",\"name\":\"InLight\",\"description\":\"Light Up Your Imagination | The Original Lantern Festival Group\",\"publisher\":{\"@id\":\"https:\\\/\\\/inlightfest.com\\\/es\\\/#organization\"},\"potentialAction\":[{\"@type\":\"SearchAction\",\"target\":{\"@type\":\"EntryPoint\",\"urlTemplate\":\"https:\\\/\\\/inlightfest.com\\\/es\\\/?s={search_term_string}\"},\"query-input\":{\"@type\":\"PropertyValueSpecification\",\"valueRequired\":true,\"valueName\":\"search_term_string\"}}],\"inLanguage\":\"es\"},{\"@type\":\"Organization\",\"@id\":\"https:\\\/\\\/inlightfest.com\\\/es\\\/#organization\",\"name\":\"Zigong Lantern Culture Industry Group Co., Ltd\",\"url\":\"https:\\\/\\\/inlightfest.com\\\/es\\\/\",\"logo\":{\"@type\":\"ImageObject\",\"inLanguage\":\"es\",\"@id\":\"https:\\\/\\\/inlightfest.com\\\/es\\\/#\\\/schema\\\/logo\\\/image\\\/\",\"url\":\"https:\\\/\\\/inlightfest.com\\\/wp-content\\\/uploads\\\/2025\\\/01\\\/inLight-Lockup2-on-blacktransparent-RGB.png\",\"contentUrl\":\"https:\\\/\\\/inlightfest.com\\\/wp-content\\\/uploads\\\/2025\\\/01\\\/inLight-Lockup2-on-blacktransparent-RGB.png\",\"width\":3000,\"height\":991,\"caption\":\"Zigong Lantern Culture Industry Group Co., Ltd\"},\"image\":{\"@id\":\"https:\\\/\\\/inlightfest.com\\\/es\\\/#\\\/schema\\\/logo\\\/image\\\/\"}},{\"@type\":\"Person\",\"@id\":\"https:\\\/\\\/inlightfest.com\\\/es\\\/#\\\/schema\\\/person\\\/fc15f22cc959ee49cfed62825e7d4d5a\",\"name\":\"inlightadmin\",\"sameAs\":[\"https:\\\/\\\/inlightfest.com\"],\"url\":\"https:\\\/\\\/inlightfest.com\\\/es\\\/author\\\/inlightadmin\\\/\"}]}<\/script>\n<!-- \/ Yoast SEO plugin. -->","yoast_head_json":{"title":"Salud y seguridad - InLight","description":"Nos comprometemos a mantener los est\u00e1ndares m\u00e1s elevados del sector, garantizando que cada uno de nuestros productos se elabore con una calidad y una atenci\u00f3n al detalle excepcionales.","robots":{"index":"index","follow":"follow","max-snippet":"max-snippet:-1","max-image-preview":"max-image-preview:large","max-video-preview":"max-video-preview:-1"},"canonical":"https:\/\/inlightfest.com\/es\/salud-y-seguridad\/","og_locale":"es_ES","og_type":"article","og_title":"Salud y seguridad - InLight","og_description":"Nos comprometemos a mantener los est\u00e1ndares m\u00e1s elevados del sector, garantizando que cada uno de nuestros productos se elabore con una calidad y una atenci\u00f3n al detalle excepcionales.","og_url":"https:\/\/inlightfest.com\/es\/salud-y-seguridad\/","og_site_name":"InLight","article_modified_time":"2025-09-25T07:24:51+00:00","twitter_card":"summary_large_image","twitter_misc":{"Tiempo de lectura":"5 minutos"},"schema":{"@context":"https:\/\/schema.org","@graph":[{"@type":["Article","BlogPosting"],"@id":"https:\/\/inlightfest.com\/es\/salud-y-seguridad\/#article","isPartOf":{"@id":"https:\/\/inlightfest.com\/es\/salud-y-seguridad\/"},"author":{"name":"inlightadmin","@id":"https:\/\/inlightfest.com\/es\/#\/schema\/person\/fc15f22cc959ee49cfed62825e7d4d5a"},"headline":"Salud y seguridad","datePublished":"2024-12-21T10:47:08+00:00","dateModified":"2025-09-25T07:24:51+00:00","mainEntityOfPage":{"@id":"https:\/\/inlightfest.com\/es\/salud-y-seguridad\/"},"wordCount":975,"publisher":{"@id":"https:\/\/inlightfest.com\/es\/#organization"},"inLanguage":"es"},{"@type":["WebPage","ItemPage"],"@id":"https:\/\/inlightfest.com\/es\/salud-y-seguridad\/","url":"https:\/\/inlightfest.com\/es\/salud-y-seguridad\/","name":"Salud y seguridad - InLight","isPartOf":{"@id":"https:\/\/inlightfest.com\/es\/#website"},"datePublished":"2024-12-21T10:47:08+00:00","dateModified":"2025-09-25T07:24:51+00:00","description":"Nos comprometemos a mantener los est\u00e1ndares m\u00e1s elevados del sector, garantizando que cada uno de nuestros productos se elabore con una calidad y una atenci\u00f3n al detalle excepcionales.","breadcrumb":{"@id":"https:\/\/inlightfest.com\/es\/salud-y-seguridad\/#breadcrumb"},"inLanguage":"es","potentialAction":[{"@type":"ReadAction","target":["https:\/\/inlightfest.com\/es\/salud-y-seguridad\/"]}]},{"@type":"BreadcrumbList","@id":"https:\/\/inlightfest.com\/es\/salud-y-seguridad\/#breadcrumb","itemListElement":[{"@type":"ListItem","position":1,"name":"Home","item":"https:\/\/inlightfest.com\/es\/inicio\/"},{"@type":"ListItem","position":2,"name":"Salud y seguridad"}]},{"@type":"WebSite","@id":"https:\/\/inlightfest.com\/es\/#website","url":"https:\/\/inlightfest.com\/es\/","name":"InLight","description":"Light Up Your Imagination | The Original Lantern Festival Group","publisher":{"@id":"https:\/\/inlightfest.com\/es\/#organization"},"potentialAction":[{"@type":"SearchAction","target":{"@type":"EntryPoint","urlTemplate":"https:\/\/inlightfest.com\/es\/?s={search_term_string}"},"query-input":{"@type":"PropertyValueSpecification","valueRequired":true,"valueName":"search_term_string"}}],"inLanguage":"es"},{"@type":"Organization","@id":"https:\/\/inlightfest.com\/es\/#organization","name":"Zigong Lantern Culture Industry Group Co., Ltd","url":"https:\/\/inlightfest.com\/es\/","logo":{"@type":"ImageObject","inLanguage":"es","@id":"https:\/\/inlightfest.com\/es\/#\/schema\/logo\/image\/","url":"https:\/\/inlightfest.com\/wp-content\/uploads\/2025\/01\/inLight-Lockup2-on-blacktransparent-RGB.png","contentUrl":"https:\/\/inlightfest.com\/wp-content\/uploads\/2025\/01\/inLight-Lockup2-on-blacktransparent-RGB.png","width":3000,"height":991,"caption":"Zigong Lantern Culture Industry Group Co., Ltd"},"image":{"@id":"https:\/\/inlightfest.com\/es\/#\/schema\/logo\/image\/"}},{"@type":"Person","@id":"https:\/\/inlightfest.com\/es\/#\/schema\/person\/fc15f22cc959ee49cfed62825e7d4d5a","name":"inlightadmin","sameAs":["https:\/\/inlightfest.com"],"url":"https:\/\/inlightfest.com\/es\/author\/inlightadmin\/"}]}},"_links":{"self":[{"href":"https:\/\/inlightfest.com\/es\/wp-json\/wp\/v2\/pages\/4447","targetHints":{"allow":["GET"]}}],"collection":[{"href":"https:\/\/inlightfest.com\/es\/wp-json\/wp\/v2\/pages"}],"about":[{"href":"https:\/\/inlightfest.com\/es\/wp-json\/wp\/v2\/types\/page"}],"author":[{"embeddable":true,"href":"https:\/\/inlightfest.com\/es\/wp-json\/wp\/v2\/users\/2"}],"replies":[{"embeddable":true,"href":"https:\/\/inlightfest.com\/es\/wp-json\/wp\/v2\/comments?post=4447"}],"version-history":[{"count":10,"href":"https:\/\/inlightfest.com\/es\/wp-json\/wp\/v2\/pages\/4447\/revisions"}],"predecessor-version":[{"id":7366,"href":"https:\/\/inlightfest.com\/es\/wp-json\/wp\/v2\/pages\/4447\/revisions\/7366"}],"wp:attachment":[{"href":"https:\/\/inlightfest.com\/es\/wp-json\/wp\/v2\/media?parent=4447"}],"curies":[{"name":"wp","href":"https:\/\/api.w.org\/{rel}","templated":true}]}}