{"id":4333,"date":"2024-12-20T07:12:38","date_gmt":"2024-12-19T23:12:38","guid":{"rendered":"https:\/\/inlightfest.com\/galeria\/"},"modified":"2025-09-25T16:36:41","modified_gmt":"2025-09-25T08:36:41","slug":"galeria","status":"publish","type":"page","link":"https:\/\/inlightfest.com\/es\/galeria\/","title":{"rendered":"Galer\u00eda"},"content":{"rendered":"<p>[et_pb_section fb_built=&#8221;1&#8243; fullwidth=&#8221;on&#8221; disabled_on=&#8221;on|on|off&#8221; _builder_version=&#8221;4.27.3&#8243; _module_preset=&#8221;default&#8221; sticky_position=&#8221;top&#8221; global_module=&#8221;92&#8243; saved_tabs=&#8221;all&#8221; global_colors_info=&#8221;{}&#8221;][et_pb_fullwidth_menu menu_id=&#8221;7&#8243; fullwidth_menu=&#8221;on&#8221; dropdown_menu_line_color=&#8221;RGBA(255,255,255,0)&#8221; logo_width=&#8221;100%&#8221; _builder_version=&#8221;4.27.3&#8243; _module_preset=&#8221;default&#8221; menu_font=&#8221;|700|||||||&#8221; text_orientation=&#8221;right&#8221; width=&#8221;95%&#8221; max_width=&#8221;100%&#8221; custom_margin=&#8221;-5px||0px||false|false&#8221; custom_css_dropdown_links=&#8221;padding-right:50px;||line-height: 1.5em;||padding-bottom:5%;&#8221; global_colors_info=&#8221;{}&#8221;][\/et_pb_fullwidth_menu][\/et_pb_section][et_pb_section fb_built=&#8221;1&#8243; _builder_version=&#8221;4.27.3&#8243; _module_preset=&#8221;default&#8221; use_background_color_gradient=&#8221;on&#8221; background_color_gradient_direction=&#8221;100deg&#8221; background_color_gradient_stops=&#8221;#003751 0%|#00aead 30%|#c1198b 60%|#ee5d9e 100%&#8221; custom_padding=&#8221;0px||14px|||&#8221; custom_css_main_element=&#8221;max-height:20px !important;&#8221; global_module=&#8221;198&#8243; saved_tabs=&#8221;all&#8221; global_colors_info=&#8221;{}&#8221;][\/et_pb_section][et_pb_section fb_built=&#8221;1&#8243; _builder_version=&#8221;4.27.3&#8243; _module_preset=&#8221;default&#8221; background_video_mp4=&#8221;https:\/\/inlightfest.com\/wp-content\/uploads\/2024\/12\/InLight-Temp_banner_video.mp4&#8243; global_module=&#8221;207&#8243; global_colors_info=&#8221;{}&#8221;][et_pb_row _builder_version=&#8221;4.27.3&#8243; _module_preset=&#8221;default&#8221; custom_padding=&#8221;||19px|||&#8221; global_colors_info=&#8221;{}&#8221;][et_pb_column type=&#8221;4_4&#8243; _builder_version=&#8221;4.27.3&#8243; _module_preset=&#8221;default&#8221; global_colors_info=&#8221;{}&#8221;][et_pb_post_title meta=&#8221;off&#8221; featured_image=&#8221;off&#8221; text_color=&#8221;light&#8221; _builder_version=&#8221;4.27.3&#8243; _module_preset=&#8221;default&#8221; text_orientation=&#8221;right&#8221; global_colors_info=&#8221;{}&#8221;][\/et_pb_post_title][\/et_pb_column][\/et_pb_row][\/et_pb_section][et_pb_section fb_built=&#8221;1&#8243; _builder_version=&#8221;4.27.3&#8243; _module_preset=&#8221;default&#8221; global_colors_info=&#8221;{}&#8221;][et_pb_row use_custom_gutter=&#8221;on&#8221; gutter_width=&#8221;2&#8243; make_equal=&#8221;on&#8221; _builder_version=&#8221;4.27.3&#8243; _module_preset=&#8221;default&#8221; width=&#8221;50%&#8221; width_tablet=&#8221;75%&#8221; width_phone=&#8221;75%&#8221; width_last_edited=&#8221;on|phone&#8221; module_alignment=&#8221;center&#8221; global_colors_info=&#8221;{}&#8221;][et_pb_column type=&#8221;4_4&#8243; _builder_version=&#8221;4.27.3&#8243; _module_preset=&#8221;default&#8221; global_colors_info=&#8221;{}&#8221;][et_pb_gallery gallery_ids=&#8221;547,973,549,550,551,954,975,552,554,555,556,557,558,559,942,560,561,562,563,564,565,566,567,568,569,570,571,573,574,575,576,578,579,580,581,548,582,583,584,587,589,590,940,591,971,592,593,594,595,596,597,598,599,953,600,601,602,603,606,607,608,609,977,610,611,612,613,634,614,615,616,617,944,618,619,620,621,622,623,959,624,625,626,627,628,629,630,631,633,635,945,972,3328,3321,3309,3313,3315,3317,3319,3107,3093,3103,3101,3111,3113,3099,2802,2794,2743,2730,2756,2751,2790,2786,2782,2778,1028,1029&#8243; posts_number=&#8221;32&#8243; show_title_and_caption=&#8221;off&#8221; _builder_version=&#8221;4.27.3&#8243; _module_preset=&#8221;default&#8221; hover_enabled=&#8221;0&#8243; global_colors_info=&#8221;{}&#8221; gallery_orderby=&#8221;rand&#8221; sticky_enabled=&#8221;0&#8243;][\/et_pb_gallery][\/et_pb_column][\/et_pb_row][\/et_pb_section]<\/p>\n<p>[et_pb_section fb_built=&#8221;1&#8243; _builder_version=&#8221;4.27.3&#8243; _module_preset=&#8221;default&#8221; background_color=&#8221;#000000&#8243; custom_padding=&#8221;20px||20px||false|false&#8221; global_module=&#8221;66&#8243; saved_tabs=&#8221;all&#8221; global_colors_info=&#8221;{}&#8221;][et_pb_row column_structure=&#8221;1_4,1_4,1_2&#8243; _builder_version=&#8221;4.27.3&#8243; _module_preset=&#8221;default&#8221; custom_padding=&#8221;0px||0px|||&#8221; global_colors_info=&#8221;{}&#8221;][et_pb_column type=&#8221;1_4&#8243; _builder_version=&#8221;4.27.3&#8243; _module_preset=&#8221;default&#8221; global_colors_info=&#8221;{}&#8221;][et_pb_text _builder_version=&#8221;4.27.3&#8243; _module_preset=&#8221;default&#8221; text_text_color=&#8221;#FFFFFF&#8221; text_font_size=&#8221;12px&#8221; text_line_height=&#8221;1.6em&#8221; global_colors_info=&#8221;{}&#8221;]<\/p>\n<p><a href=\"https:\/\/inlightfest.com\/?lang=es\">INICIO<\/a><br \/>\n<a href=\"https:\/\/inlightfest.com\/quienes-somos\/?lang=es\">SOBRE NOSOTROS<\/a><br \/>\n<a href=\"https:\/\/inlightfest.com\/que-hacemos\/?lang=es\">QU\u00c9 HACEMOS<\/a><br \/>\n<a href=\"https:\/\/inlightfest.com\/productos-y-servicios\/?lang=es\">PRODUCTOS Y SERVICIOS<\/a><br \/>\n&#8211; <a href=\"https:\/\/inlightfest.com\/festivales-de-talla-mundial\/?lang=es\">FIESTAS TRADICIONALES LANTURNAS<\/a><br \/>\n&#8211; <a href=\"https:\/\/inlightfest.com\/disenos-especiales-con-aprobacion-de-pi\/?lang=es\">DISE\u00d1OS ESPECIALES CON APROBACI\u00d3N IP<\/a><br \/>\n&#8211; <a href=\"https:\/\/inlightfest.com\/elementos-interactivos\/?lang=es\">ELEMENTOS INTERACTIVOS<\/a><br \/>\n&#8211; <a href=\"https:\/\/inlightfest.com\/paisajismo-y-esculturas-de-luz\/?lang=es\">PAISAJISMO Y ESCULTURAS DE LUZ<\/a><br \/>\n&#8211; <a href=\"https:\/\/inlightfest.com\/modelos-animatronicos\/?lang=es\">MODELOS ANIMATR\u00d3NICOS<\/a><\/p>\n<p>[\/et_pb_text][\/et_pb_column][et_pb_column type=&#8221;1_4&#8243; _builder_version=&#8221;4.27.3&#8243; _module_preset=&#8221;default&#8221; global_colors_info=&#8221;{}&#8221;][et_pb_text _builder_version=&#8221;4.27.3&#8243; _module_preset=&#8221;default&#8221; text_text_color=&#8221;#FFFFFF&#8221; text_font_size=&#8221;12px&#8221; text_line_height=&#8221;1.6em&#8221; global_colors_info=&#8221;{}&#8221;]<\/p>\n<p><a href=\"https:\/\/inlightfest.com\/nuestros-eventos\/?lang=es\">NUESTROS EVENTOS<\/a><br \/>\n&#8211; <a href=\"https:\/\/inlightfest.com\/fiestas-y-luces-personalizadas\/?lang=es\">FESTIVALES Y LUCES PERSONALIZADOS<\/a><br \/>\n&#8211; <a href=\"https:\/\/inlightfest.com\/soluciones-unicas-de-servicio-completo\/?lang=es\">SOLUCIONES \u00daNICAS DE SERVICIO COMPLETO<\/a><br \/>\n&#8211; <a href=\"https:\/\/inlightfest.com\/visitas-in-situ\/?lang=es\">VISITAS IN SITU<\/a><br \/>\n&#8211; <a href=\"https:\/\/inlightfest.com\/diseno-y-gestion-de-festivales\/?lang=es\">DISE\u00d1O Y GESTI\u00d3N DE FESTIVALES<\/a><br \/>\n&#8211; <a href=\"https:\/\/inlightfest.com\/salud-y-seguridad\/?lang=es\">SALUD Y SEGURIDAD<\/a><br \/>\n&#8211; <a href=\"https:\/\/inlightfest.com\/?page_id=242\">APOYO DE MARKETING<\/a><br \/>\n<a href=\"https:\/\/inlightfest.com\/premios\/?lang=es\">PREMIOS<\/a><br \/>\n<a href=\"https:\/\/inlightfest.com\/galeria\/?lang=es\">GALER\u00cdA<\/a><br \/>\n<a href=\"https:\/\/inlightfest.com\/medios-de-comunicacion\/?lang=es\" target=\"_blank\" rel=\"noopener\">MEDIOS DE COMUNICACI\u00d3N<\/a><br \/>\n<a href=\"https:\/\/inlightfest.com\/ponte-en-contacto-con\/?lang=es\">CONTACTO<\/a><\/p>\n<p>[\/et_pb_text][\/et_pb_column][et_pb_column type=&#8221;1_2&#8243; _builder_version=&#8221;4.27.3&#8243; _module_preset=&#8221;default&#8221; global_colors_info=&#8221;{}&#8221;][et_pb_button button_url=&#8221;https:\/\/inlightfest.com\/ponte-en-contacto-con\/?lang=es&#8221; button_text=&#8221;RESERVA UNA REUNI\u00d3N&#8221; button_alignment=&#8221;right&#8221; module_class=&#8221;requestbttn&#8221; _builder_version=&#8221;4.27.3&#8243; _module_preset=&#8221;default&#8221; custom_margin=&#8221;-20px||||false|false&#8221; custom_padding=&#8221;3.3%||3.3%||false|false&#8221; global_colors_info=&#8221;{}&#8221;][\/et_pb_button][et_pb_text _builder_version=&#8221;4.27.3&#8243; _module_preset=&#8221;default&#8221; text_font_size=&#8221;11px&#8221; text_line_height=&#8221;1em&#8221; text_orientation=&#8221;right&#8221; custom_margin=&#8221;0px||0px||false|false&#8221; custom_padding=&#8221;0px||0px||false|false&#8221; global_colors_info=&#8221;{}&#8221;]<\/p>\n<p style=\"text-align: right;\"><strong><span style=\"color: #ffffff;\">Este sitio web est\u00e1 disponible en los siguientes idiomas.<\/span><br \/>\n\n<div role=\"navigation\" aria-label=\"Selector de idioma\" class=\"wpml-ls-statics-shortcode_actions wpml-ls wpml-ls-legacy-list-horizontal\">\n\t<ul><li class=\"wpml-ls-slot-shortcode_actions wpml-ls-item wpml-ls-item-en wpml-ls-first-item wpml-ls-item-legacy-list-horizontal\">\n\t\t\t\t<a href=\"https:\/\/inlightfest.com\/\" hreflang=\"en\" lang=\"en\" class=\"wpml-ls-link\" aria-label=\"Cambiar a Ingl\u00e9s (English)\" title=\"Cambiar a Ingl\u00e9s (English)\">\n\t\t\t\t\t<span class=\"wpml-ls-native\">English<\/span><span class=\"wpml-ls-display\"><span class=\"wpml-ls-bracket\"> (<\/span>Ingl\u00e9s<span class=\"wpml-ls-bracket\">)<\/span><\/span><\/a>\n\t\t\t<\/li><li class=\"wpml-ls-slot-shortcode_actions wpml-ls-item wpml-ls-item-nl wpml-ls-item-legacy-list-horizontal\">\n\t\t\t\t<a href=\"https:\/\/inlightfest.com\/nl\/\" hreflang=\"nl\" lang=\"nl\" class=\"wpml-ls-link\" aria-label=\"Cambiar a Holand\u00e9s (Nederlands)\" title=\"Cambiar a Holand\u00e9s (Nederlands)\">\n\t\t\t\t\t<span class=\"wpml-ls-native\">Nederlands<\/span><span class=\"wpml-ls-display\"><span class=\"wpml-ls-bracket\"> (<\/span>Holand\u00e9s<span class=\"wpml-ls-bracket\">)<\/span><\/span><\/a>\n\t\t\t<\/li><li class=\"wpml-ls-slot-shortcode_actions wpml-ls-item wpml-ls-item-fr wpml-ls-item-legacy-list-horizontal\">\n\t\t\t\t<a href=\"https:\/\/inlightfest.com\/fr\/\" hreflang=\"fr\" lang=\"fr\" class=\"wpml-ls-link\" aria-label=\"Cambiar a Franc\u00e9s (Fran\u00e7ais)\" title=\"Cambiar a Franc\u00e9s (Fran\u00e7ais)\">\n\t\t\t\t\t<span class=\"wpml-ls-native\">Fran\u00e7ais<\/span><span class=\"wpml-ls-display\"><span class=\"wpml-ls-bracket\"> (<\/span>Franc\u00e9s<span class=\"wpml-ls-bracket\">)<\/span><\/span><\/a>\n\t\t\t<\/li><li class=\"wpml-ls-slot-shortcode_actions wpml-ls-item wpml-ls-item-de wpml-ls-item-legacy-list-horizontal\">\n\t\t\t\t<a href=\"https:\/\/inlightfest.com\/de\/\" hreflang=\"de\" lang=\"de\" class=\"wpml-ls-link\" aria-label=\"Cambiar a Alem\u00e1n (Deutsch)\" title=\"Cambiar a Alem\u00e1n (Deutsch)\">\n\t\t\t\t\t<span class=\"wpml-ls-native\">Deutsch<\/span><span class=\"wpml-ls-display\"><span class=\"wpml-ls-bracket\"> (<\/span>Alem\u00e1n<span class=\"wpml-ls-bracket\">)<\/span><\/span><\/a>\n\t\t\t<\/li><li class=\"wpml-ls-slot-shortcode_actions wpml-ls-item wpml-ls-item-it wpml-ls-item-legacy-list-horizontal\">\n\t\t\t\t<a href=\"https:\/\/inlightfest.com\/it\/\" hreflang=\"it\" lang=\"it\" class=\"wpml-ls-link\" aria-label=\"Cambiar a Italiano (Italiano)\" title=\"Cambiar a Italiano (Italiano)\">\n\t\t\t\t\t<span class=\"wpml-ls-native\">Italiano<\/span><\/a>\n\t\t\t<\/li><li class=\"wpml-ls-slot-shortcode_actions wpml-ls-item wpml-ls-item-es wpml-ls-current-language wpml-ls-last-item wpml-ls-item-legacy-list-horizontal\">\n\t\t\t\t<a href=\"https:\/\/inlightfest.com\/es\/\" hreflang=\"es\" lang=\"es\" class=\"wpml-ls-link\" aria-current=\"page\" aria-label=\"Cambiar a Espa\u00f1ol (Espa\u00f1ol)\" title=\"Cambiar a Espa\u00f1ol (Espa\u00f1ol)\">\n\t\t\t\t\t<span class=\"wpml-ls-native\">Espa\u00f1ol<\/span><\/a>\n\t\t\t<\/li><\/ul>\n<\/div>\n<br \/>\n<\/strong><\/p>\n<p>[\/et_pb_text][et_pb_image src=&#8221;https:\/\/inlightfest.com\/wp-content\/uploads\/2025\/01\/inLight-Lockup2-on-blacktransparent-RGB.png&#8221; title_text=&#8221;inLight-Lockup2-en-negro(transparente)-RGB&#8221; module_class=&#8221;footerlogo&#8221; _builder_version=&#8221;4.27.3&#8243; _module_preset=&#8221;default&#8221; width=&#8221;43%&#8221; module_alignment=&#8221;right&#8221; custom_margin=&#8221;64px||||false|false&#8221; global_colors_info=&#8221;{}&#8221;][\/et_pb_image][\/et_pb_column][\/et_pb_row][et_pb_row _builder_version=&#8221;4.27.3&#8243; _module_preset=&#8221;default&#8221; global_colors_info=&#8221;{}&#8221;][et_pb_column type=&#8221;4_4&#8243; _builder_version=&#8221;4.27.3&#8243; _module_preset=&#8221;default&#8221; global_colors_info=&#8221;{}&#8221;][et_pb_text _builder_version=&#8221;4.27.3&#8243; _module_preset=&#8221;default&#8221; text_text_color=&#8221;#FFFFFF&#8221; text_font_size=&#8221;12px&#8221; global_colors_info=&#8221;{}&#8221;]<\/p>\n<p>\u00a92024 InLight Festival Group | <a href=\"https:\/\/inlightfest.com\/politica-de-privacidad\/?lang=es\">Pol\u00edtica de privacidad<\/a> | <a href=\"https:\/\/inlightfest.com\/condiciones-de-uso\/?lang=es\">Condiciones de uso<\/a> | Sitio web de <a href=\"https:\/\/torontocreatives.com\">TC<\/a><\/p>\n<p>[\/et_pb_text][\/et_pb_column][\/et_pb_row][\/et_pb_section]<\/p>\n","protected":false},"excerpt":{"rendered":"<p>INICIO SOBRE NOSOTROS QU\u00c9 HACEMOS PRODUCTOS Y SERVICIOS &#8211; FIESTAS TRADICIONALES LANTURNAS &#8211; DISE\u00d1OS ESPECIALES CON APROBACI\u00d3N IP &#8211; ELEMENTOS INTERACTIVOS &#8211; PAISAJISMO Y ESCULTURAS DE LUZ &#8211; MODELOS ANIMATR\u00d3NICOS NUESTROS EVENTOS &#8211; FESTIVALES Y LUCES PERSONALIZADOS &#8211; SOLUCIONES \u00daNICAS DE SERVICIO COMPLETO &#8211; VISITAS IN SITU &#8211; DISE\u00d1O Y GESTI\u00d3N DE FESTIVALES &#8211; SALUD [&hellip;]<\/p>\n","protected":false},"author":2,"featured_media":0,"parent":0,"menu_order":0,"comment_status":"closed","ping_status":"closed","template":"","meta":{"_et_pb_use_builder":"on","_et_pb_old_content":"","_et_gb_content_width":"","_joinchat":[],"footnotes":""},"class_list":["post-4333","page","type-page","status-publish","hentry"],"yoast_head":"<!-- This site is optimized with the Yoast SEO plugin v27.4 - https:\/\/yoast.com\/product\/yoast-seo-wordpress\/ -->\n<title>Galer\u00eda - InLight<\/title>\n<meta name=\"description\" content=\"Explora nuestra galer\u00eda de espect\u00e1culos de luces de colores, festivales de linternas chinas, instalaciones interactivas y momentos m\u00e1gicos de festivales.\" \/>\n<meta name=\"robots\" content=\"index, follow, max-snippet:-1, max-image-preview:large, max-video-preview:-1\" \/>\n<link rel=\"canonical\" href=\"https:\/\/inlightfest.com\/es\/galeria\/\" \/>\n<meta property=\"og:locale\" content=\"es_ES\" \/>\n<meta property=\"og:type\" content=\"article\" \/>\n<meta property=\"og:title\" content=\"Galer\u00eda - InLight\" \/>\n<meta property=\"og:description\" content=\"Explora nuestra galer\u00eda de espect\u00e1culos de luces de colores, festivales de linternas chinas, instalaciones interactivas y momentos m\u00e1gicos de festivales.\" \/>\n<meta property=\"og:url\" content=\"https:\/\/inlightfest.com\/es\/galeria\/\" \/>\n<meta property=\"og:site_name\" content=\"InLight\" \/>\n<meta property=\"article:modified_time\" content=\"2025-09-25T08:36:41+00:00\" \/>\n<meta name=\"twitter:card\" content=\"summary_large_image\" \/>\n<meta name=\"twitter:label1\" content=\"Tiempo de lectura\" \/>\n\t<meta name=\"twitter:data1\" content=\"4 minutos\" \/>\n<script type=\"application\/ld+json\" class=\"yoast-schema-graph\">{\"@context\":\"https:\\\/\\\/schema.org\",\"@graph\":[{\"@type\":[\"Article\",\"BlogPosting\"],\"@id\":\"https:\\\/\\\/inlightfest.com\\\/es\\\/galeria\\\/#article\",\"isPartOf\":{\"@id\":\"https:\\\/\\\/inlightfest.com\\\/es\\\/galeria\\\/\"},\"author\":{\"name\":\"inlightadmin\",\"@id\":\"https:\\\/\\\/inlightfest.com\\\/es\\\/#\\\/schema\\\/person\\\/fc15f22cc959ee49cfed62825e7d4d5a\"},\"headline\":\"Galer\u00eda\",\"datePublished\":\"2024-12-19T23:12:38+00:00\",\"dateModified\":\"2025-09-25T08:36:41+00:00\",\"mainEntityOfPage\":{\"@id\":\"https:\\\/\\\/inlightfest.com\\\/es\\\/galeria\\\/\"},\"wordCount\":743,\"publisher\":{\"@id\":\"https:\\\/\\\/inlightfest.com\\\/es\\\/#organization\"},\"inLanguage\":\"es\"},{\"@type\":[\"WebPage\",\"ItemPage\"],\"@id\":\"https:\\\/\\\/inlightfest.com\\\/es\\\/galeria\\\/\",\"url\":\"https:\\\/\\\/inlightfest.com\\\/es\\\/galeria\\\/\",\"name\":\"Galer\u00eda - InLight\",\"isPartOf\":{\"@id\":\"https:\\\/\\\/inlightfest.com\\\/es\\\/#website\"},\"datePublished\":\"2024-12-19T23:12:38+00:00\",\"dateModified\":\"2025-09-25T08:36:41+00:00\",\"description\":\"Explora nuestra galer\u00eda de espect\u00e1culos de luces de colores, festivales de linternas chinas, instalaciones interactivas y momentos m\u00e1gicos de festivales.\",\"breadcrumb\":{\"@id\":\"https:\\\/\\\/inlightfest.com\\\/es\\\/galeria\\\/#breadcrumb\"},\"inLanguage\":\"es\",\"potentialAction\":[{\"@type\":\"ReadAction\",\"target\":[\"https:\\\/\\\/inlightfest.com\\\/es\\\/galeria\\\/\"]}]},{\"@type\":\"BreadcrumbList\",\"@id\":\"https:\\\/\\\/inlightfest.com\\\/es\\\/galeria\\\/#breadcrumb\",\"itemListElement\":[{\"@type\":\"ListItem\",\"position\":1,\"name\":\"Home\",\"item\":\"https:\\\/\\\/inlightfest.com\\\/es\\\/inicio\\\/\"},{\"@type\":\"ListItem\",\"position\":2,\"name\":\"Galer\u00eda\"}]},{\"@type\":\"WebSite\",\"@id\":\"https:\\\/\\\/inlightfest.com\\\/es\\\/#website\",\"url\":\"https:\\\/\\\/inlightfest.com\\\/es\\\/\",\"name\":\"InLight\",\"description\":\"Light Up Your Imagination | The Original Lantern Festival Group\",\"publisher\":{\"@id\":\"https:\\\/\\\/inlightfest.com\\\/es\\\/#organization\"},\"potentialAction\":[{\"@type\":\"SearchAction\",\"target\":{\"@type\":\"EntryPoint\",\"urlTemplate\":\"https:\\\/\\\/inlightfest.com\\\/es\\\/?s={search_term_string}\"},\"query-input\":{\"@type\":\"PropertyValueSpecification\",\"valueRequired\":true,\"valueName\":\"search_term_string\"}}],\"inLanguage\":\"es\"},{\"@type\":\"Organization\",\"@id\":\"https:\\\/\\\/inlightfest.com\\\/es\\\/#organization\",\"name\":\"Zigong Lantern Culture Industry Group Co., Ltd\",\"url\":\"https:\\\/\\\/inlightfest.com\\\/es\\\/\",\"logo\":{\"@type\":\"ImageObject\",\"inLanguage\":\"es\",\"@id\":\"https:\\\/\\\/inlightfest.com\\\/es\\\/#\\\/schema\\\/logo\\\/image\\\/\",\"url\":\"https:\\\/\\\/inlightfest.com\\\/wp-content\\\/uploads\\\/2025\\\/01\\\/inLight-Lockup2-on-blacktransparent-RGB.png\",\"contentUrl\":\"https:\\\/\\\/inlightfest.com\\\/wp-content\\\/uploads\\\/2025\\\/01\\\/inLight-Lockup2-on-blacktransparent-RGB.png\",\"width\":3000,\"height\":991,\"caption\":\"Zigong Lantern Culture Industry Group Co., Ltd\"},\"image\":{\"@id\":\"https:\\\/\\\/inlightfest.com\\\/es\\\/#\\\/schema\\\/logo\\\/image\\\/\"}},{\"@type\":\"Person\",\"@id\":\"https:\\\/\\\/inlightfest.com\\\/es\\\/#\\\/schema\\\/person\\\/fc15f22cc959ee49cfed62825e7d4d5a\",\"name\":\"inlightadmin\",\"sameAs\":[\"https:\\\/\\\/inlightfest.com\"],\"url\":\"https:\\\/\\\/inlightfest.com\\\/es\\\/author\\\/inlightadmin\\\/\"}]}<\/script>\n<!-- \/ Yoast SEO plugin. -->","yoast_head_json":{"title":"Galer\u00eda - InLight","description":"Explora nuestra galer\u00eda de espect\u00e1culos de luces de colores, festivales de linternas chinas, instalaciones interactivas y momentos m\u00e1gicos de festivales.","robots":{"index":"index","follow":"follow","max-snippet":"max-snippet:-1","max-image-preview":"max-image-preview:large","max-video-preview":"max-video-preview:-1"},"canonical":"https:\/\/inlightfest.com\/es\/galeria\/","og_locale":"es_ES","og_type":"article","og_title":"Galer\u00eda - InLight","og_description":"Explora nuestra galer\u00eda de espect\u00e1culos de luces de colores, festivales de linternas chinas, instalaciones interactivas y momentos m\u00e1gicos de festivales.","og_url":"https:\/\/inlightfest.com\/es\/galeria\/","og_site_name":"InLight","article_modified_time":"2025-09-25T08:36:41+00:00","twitter_card":"summary_large_image","twitter_misc":{"Tiempo de lectura":"4 minutos"},"schema":{"@context":"https:\/\/schema.org","@graph":[{"@type":["Article","BlogPosting"],"@id":"https:\/\/inlightfest.com\/es\/galeria\/#article","isPartOf":{"@id":"https:\/\/inlightfest.com\/es\/galeria\/"},"author":{"name":"inlightadmin","@id":"https:\/\/inlightfest.com\/es\/#\/schema\/person\/fc15f22cc959ee49cfed62825e7d4d5a"},"headline":"Galer\u00eda","datePublished":"2024-12-19T23:12:38+00:00","dateModified":"2025-09-25T08:36:41+00:00","mainEntityOfPage":{"@id":"https:\/\/inlightfest.com\/es\/galeria\/"},"wordCount":743,"publisher":{"@id":"https:\/\/inlightfest.com\/es\/#organization"},"inLanguage":"es"},{"@type":["WebPage","ItemPage"],"@id":"https:\/\/inlightfest.com\/es\/galeria\/","url":"https:\/\/inlightfest.com\/es\/galeria\/","name":"Galer\u00eda - InLight","isPartOf":{"@id":"https:\/\/inlightfest.com\/es\/#website"},"datePublished":"2024-12-19T23:12:38+00:00","dateModified":"2025-09-25T08:36:41+00:00","description":"Explora nuestra galer\u00eda de espect\u00e1culos de luces de colores, festivales de linternas chinas, instalaciones interactivas y momentos m\u00e1gicos de festivales.","breadcrumb":{"@id":"https:\/\/inlightfest.com\/es\/galeria\/#breadcrumb"},"inLanguage":"es","potentialAction":[{"@type":"ReadAction","target":["https:\/\/inlightfest.com\/es\/galeria\/"]}]},{"@type":"BreadcrumbList","@id":"https:\/\/inlightfest.com\/es\/galeria\/#breadcrumb","itemListElement":[{"@type":"ListItem","position":1,"name":"Home","item":"https:\/\/inlightfest.com\/es\/inicio\/"},{"@type":"ListItem","position":2,"name":"Galer\u00eda"}]},{"@type":"WebSite","@id":"https:\/\/inlightfest.com\/es\/#website","url":"https:\/\/inlightfest.com\/es\/","name":"InLight","description":"Light Up Your Imagination | The Original Lantern Festival Group","publisher":{"@id":"https:\/\/inlightfest.com\/es\/#organization"},"potentialAction":[{"@type":"SearchAction","target":{"@type":"EntryPoint","urlTemplate":"https:\/\/inlightfest.com\/es\/?s={search_term_string}"},"query-input":{"@type":"PropertyValueSpecification","valueRequired":true,"valueName":"search_term_string"}}],"inLanguage":"es"},{"@type":"Organization","@id":"https:\/\/inlightfest.com\/es\/#organization","name":"Zigong Lantern Culture Industry Group Co., Ltd","url":"https:\/\/inlightfest.com\/es\/","logo":{"@type":"ImageObject","inLanguage":"es","@id":"https:\/\/inlightfest.com\/es\/#\/schema\/logo\/image\/","url":"https:\/\/inlightfest.com\/wp-content\/uploads\/2025\/01\/inLight-Lockup2-on-blacktransparent-RGB.png","contentUrl":"https:\/\/inlightfest.com\/wp-content\/uploads\/2025\/01\/inLight-Lockup2-on-blacktransparent-RGB.png","width":3000,"height":991,"caption":"Zigong Lantern Culture Industry Group Co., Ltd"},"image":{"@id":"https:\/\/inlightfest.com\/es\/#\/schema\/logo\/image\/"}},{"@type":"Person","@id":"https:\/\/inlightfest.com\/es\/#\/schema\/person\/fc15f22cc959ee49cfed62825e7d4d5a","name":"inlightadmin","sameAs":["https:\/\/inlightfest.com"],"url":"https:\/\/inlightfest.com\/es\/author\/inlightadmin\/"}]}},"_links":{"self":[{"href":"https:\/\/inlightfest.com\/es\/wp-json\/wp\/v2\/pages\/4333","targetHints":{"allow":["GET"]}}],"collection":[{"href":"https:\/\/inlightfest.com\/es\/wp-json\/wp\/v2\/pages"}],"about":[{"href":"https:\/\/inlightfest.com\/es\/wp-json\/wp\/v2\/types\/page"}],"author":[{"embeddable":true,"href":"https:\/\/inlightfest.com\/es\/wp-json\/wp\/v2\/users\/2"}],"replies":[{"embeddable":true,"href":"https:\/\/inlightfest.com\/es\/wp-json\/wp\/v2\/comments?post=4333"}],"version-history":[{"count":10,"href":"https:\/\/inlightfest.com\/es\/wp-json\/wp\/v2\/pages\/4333\/revisions"}],"predecessor-version":[{"id":7638,"href":"https:\/\/inlightfest.com\/es\/wp-json\/wp\/v2\/pages\/4333\/revisions\/7638"}],"wp:attachment":[{"href":"https:\/\/inlightfest.com\/es\/wp-json\/wp\/v2\/media?parent=4333"}],"curies":[{"name":"wp","href":"https:\/\/api.w.org\/{rel}","templated":true}]}}