{"id":3947,"date":"2024-12-21T04:02:02","date_gmt":"2024-12-20T20:02:02","guid":{"rendered":"https:\/\/inlightfest.com\/einzigartige-full-service-loesungen\/"},"modified":"2025-09-25T16:26:36","modified_gmt":"2025-09-25T08:26:36","slug":"einzigartige-full-service-loesungen","status":"publish","type":"page","link":"https:\/\/inlightfest.com\/de\/einzigartige-full-service-loesungen\/","title":{"rendered":"Einzigartige Full-Service-L\u00f6sungen"},"content":{"rendered":"<p>[et_pb_section fb_built=&#8221;1&#8243; fullwidth=&#8221;on&#8221; disabled_on=&#8221;on|on|off&#8221; _builder_version=&#8221;4.27.3&#8243; _module_preset=&#8221;default&#8221; global_module=&#8221;92&#8243; saved_tabs=&#8221;all&#8221; global_colors_info=&#8221;{}&#8221;][et_pb_fullwidth_menu menu_id=&#8221;7&#8243; fullwidth_menu=&#8221;on&#8221; dropdown_menu_line_color=&#8221;RGBA(255,255,255,0)&#8221; logo_width=&#8221;100%&#8221; _builder_version=&#8221;4.27.3&#8243; _module_preset=&#8221;default&#8221; menu_font=&#8221;|700|||||||&#8221; text_orientation=&#8221;right&#8221; width=&#8221;95%&#8221; max_width=&#8221;100%&#8221; custom_margin=&#8221;-5px||0px||false|false&#8221; custom_css_dropdown_links=&#8221;padding-right:50px;||line-height: 1.5em;||padding-bottom:5%;&#8221; global_colors_info=&#8221;{}&#8221;][\/et_pb_fullwidth_menu][\/et_pb_section][et_pb_section fb_built=&#8221;1&#8243; _builder_version=&#8221;4.27.3&#8243; _module_preset=&#8221;default&#8221; use_background_color_gradient=&#8221;on&#8221; background_color_gradient_direction=&#8221;100deg&#8221; background_color_gradient_stops=&#8221;#003751 0%|#00aead 30%|#c1198b 60%|#ee5d9e 100%&#8221; custom_padding=&#8221;0px||14px|||&#8221; custom_css_main_element=&#8221;max-height:20px !important;&#8221; global_module=&#8221;198&#8243; saved_tabs=&#8221;all&#8221; global_colors_info=&#8221;{}&#8221;][\/et_pb_section][et_pb_section fb_built=&#8221;1&#8243; _builder_version=&#8221;4.27.3&#8243; _module_preset=&#8221;default&#8221; background_video_mp4=&#8221;https:\/\/inlightfest.com\/wp-content\/uploads\/2024\/12\/InLight-Temp_banner_video.mp4&#8243; global_module=&#8221;207&#8243; global_colors_info=&#8221;{}&#8221;][et_pb_row _builder_version=&#8221;4.27.3&#8243; _module_preset=&#8221;default&#8221; custom_padding=&#8221;||19px|||&#8221; global_colors_info=&#8221;{}&#8221;][et_pb_column type=&#8221;4_4&#8243; _builder_version=&#8221;4.27.3&#8243; _module_preset=&#8221;default&#8221; global_colors_info=&#8221;{}&#8221;][et_pb_post_title meta=&#8221;off&#8221; featured_image=&#8221;off&#8221; text_color=&#8221;light&#8221; _builder_version=&#8221;4.27.3&#8243; _module_preset=&#8221;default&#8221; text_orientation=&#8221;right&#8221; global_colors_info=&#8221;{}&#8221;][\/et_pb_post_title][\/et_pb_column][\/et_pb_row][\/et_pb_section][et_pb_section fb_built=&#8221;1&#8243; _builder_version=&#8221;4.27.3&#8243; _module_preset=&#8221;default&#8221; global_colors_info=&#8221;{}&#8221;][et_pb_row make_equal=&#8221;on&#8221; _builder_version=&#8221;4.27.3&#8243; _module_preset=&#8221;default&#8221; width=&#8221;50%&#8221; width_tablet=&#8221;75%&#8221; width_phone=&#8221;75%&#8221; width_last_edited=&#8221;on|phone&#8221; module_alignment=&#8221;center&#8221; global_colors_info=&#8221;{}&#8221;][et_pb_column type=&#8221;4_4&#8243; _builder_version=&#8221;4.27.3&#8243; _module_preset=&#8221;default&#8221; global_colors_info=&#8221;{}&#8221;][et_pb_text _builder_version=&#8221;4.27.3&#8243; _module_preset=&#8221;default&#8221; hover_enabled=&#8221;0&#8243; global_colors_info=&#8221;{}&#8221; sticky_enabled=&#8221;0&#8243;]<\/p>\n<p class=\"mb-2 last:mb-0\">Wir von der InLight Festival Group bieten einzigartige Full-Service-L\u00f6sungen, die uns in der Branche auszeichnen. Unsere beleuchteten Festivals sind bekannt f\u00fcr ihr umfassendes Projektmanagement, das alle Aspekte vom Design \u00fcber die Produktion bis hin zur Installation abdeckt und gleichzeitig die Einhaltung lokaler und nationaler Standards gew\u00e4hrleistet. Wir sind stolz darauf, jedes Festival auf die lokale Kultur zuzuschneiden und so Erlebnisse zu schaffen, die bei der Bev\u00f6lkerung Anklang finden und mit den spezifischen Zielen jedes Veranstaltungsortes \u00fcbereinstimmen.  <\/p>\n<p class=\"mb-2 last:mb-0\">Unser Engagement f\u00fcr Spitzenleistungen zeigt sich in unserer makellosen Erfolgsbilanz. Wir verwandeln Orte wie Zoos, Vergn\u00fcgungsparks und andere touristische Ziele in bezaubernde Lichtwelten und bieten den Besuchern ein eindringliches Erlebnis, das die Fantasie anregt. Unser Full-Service-Ansatz bedeutet, dass wir uns um jedes Detail k\u00fcmmern, so dass sich unsere Partner auf die Wirkung und das Vergn\u00fcgen der Veranstaltung konzentrieren k\u00f6nnen.  <\/p>\n<p class=\"mb-2 last:mb-0\">Wenn Sie sich f\u00fcr die InLight Festival Group entscheiden, arbeiten Sie mit Branchenf\u00fchrern zusammen, die sich verpflichtet haben, unvergleichliche und kulturell bereichernde Erlebnisse zu bieten. Unser Expertenteam arbeitet unerm\u00fcdlich daran, Ihre Vision zum Leben zu erwecken und sicherzustellen, dass jedes Festival nicht nur eine Veranstaltung ist, sondern ein Fest der Kreativit\u00e4t, Kultur und Gemeinschaft. <\/p>\n<p>[\/et_pb_text][\/et_pb_column][\/et_pb_row][et_pb_row custom_padding_last_edited=&#8221;on|tablet&#8221; _builder_version=&#8221;4.27.3&#8243; _module_preset=&#8221;default&#8221; custom_margin_tablet=&#8221;-25px||||false|false&#8221; custom_margin_phone=&#8221;-25px||||false|false&#8221; custom_margin_last_edited=&#8221;on|phone&#8221; custom_padding=&#8221;0px|||||&#8221; custom_padding_tablet=&#8221;0px|||||&#8221; custom_padding_phone=&#8221;0px|||||&#8221; global_colors_info=&#8221;{}&#8221;][et_pb_column type=&#8221;4_4&#8243; _builder_version=&#8221;4.27.3&#8243; _module_preset=&#8221;default&#8221; global_colors_info=&#8221;{}&#8221;][et_pb_image src=&#8221;https:\/\/inlightfest.com\/wp-content\/uploads\/2024\/12\/trees.png&#8221; title_text=&#8221;B\u00e4ume&#8221; _builder_version=&#8221;4.27.3&#8243; _module_preset=&#8221;default&#8221; width=&#8221;85%&#8221; width_tablet=&#8221;85%&#8221; width_phone=&#8221;85%&#8221; width_last_edited=&#8221;on|tablet&#8221; module_alignment=&#8221;center&#8221; custom_margin=&#8221;35px||||false|false&#8221; global_colors_info=&#8221;{}&#8221;][\/et_pb_image][\/et_pb_column][\/et_pb_row][\/et_pb_section][et_pb_section fb_built=&#8221;1&#8243; _builder_version=&#8221;4.27.3&#8243; _module_preset=&#8221;default&#8221; background_color=&#8221;#000000&#8243; custom_padding=&#8221;20px||20px||false|false&#8221; global_module=&#8221;66&#8243; saved_tabs=&#8221;all&#8221; global_colors_info=&#8221;{}&#8221;][et_pb_row column_structure=&#8221;1_4,1_4,1_2&#8243; _builder_version=&#8221;4.27.3&#8243; _module_preset=&#8221;default&#8221; custom_padding=&#8221;0px||0px|||&#8221; global_colors_info=&#8221;{}&#8221;][et_pb_column type=&#8221;1_4&#8243; _builder_version=&#8221;4.27.3&#8243; _module_preset=&#8221;default&#8221; global_colors_info=&#8221;{}&#8221;][et_pb_text _builder_version=&#8221;4.27.3&#8243; _module_preset=&#8221;default&#8221; text_text_color=&#8221;#FFFFFF&#8221; text_font_size=&#8221;12px&#8221; text_line_height=&#8221;1.6em&#8221; global_colors_info=&#8221;{}&#8221;]<\/p>\n<p><span><a href=\"https:\/\/inlightfest.com\/?lang=de\">HOME<\/a><br \/><a href=\"https:\/\/inlightfest.com\/ueber-uns\/?lang=de\">\u00dcBER UNS<\/a><br \/><a href=\"https:\/\/inlightfest.com\/was-wir-tun\/?lang=de\">WAS WIR TUN<\/a><br \/><a href=\"https:\/\/inlightfest.com\/produkte-und-dienstleistungen\/?lang=de\">PRODUKTE &amp; DIENSTLEISTUNGEN<\/a><br \/>&#8211; <a href=\"https:\/\/inlightfest.com\/weltklasse-festivals\/?lang=de\">TRADITIONELLE LANTURNFESTE<\/a><br \/>&#8211; <a href=\"https:\/\/inlightfest.com\/spezialdesigns-mit-ip-zulassung\/?lang=de\">SONDERANFERTIGUNGEN MIT IP-GENEHMIGUNG<\/a><br \/>&#8211; <a href=\"https:\/\/inlightfest.com\/interaktive-elemente\/?lang=de\">INTERAKTIVE &amp; LASERSHOWS<\/a><br \/>&#8211; <a href=\"https:\/\/inlightfest.com\/landschaftsgestaltung-und-lichtskulpturen\/?lang=de\">LANDSCHAFTSGESTALTUNG &amp; LICHTSKULPTUREN<\/a><br \/>&#8211; <a href=\"https:\/\/inlightfest.com\/animatronische-modelle\/?lang=de\">ANIMATRONISCHE MODELLE<\/a><br \/><\/span><br \/><span><\/span><\/p>\n<p>[\/et_pb_text][\/et_pb_column][et_pb_column type=&#8221;1_4&#8243; _builder_version=&#8221;4.27.3&#8243; _module_preset=&#8221;default&#8221; global_colors_info=&#8221;{}&#8221;][et_pb_text _builder_version=&#8221;4.27.3&#8243; _module_preset=&#8221;default&#8221; text_text_color=&#8221;#FFFFFF&#8221; text_font_size=&#8221;12px&#8221; text_line_height=&#8221;1.6em&#8221; global_colors_info=&#8221;{}&#8221;]<\/p>\n<p><span><a href=\"https:\/\/inlightfest.com\/unsere-veranstaltungen\/?lang=de\">UNSERE VERANSTALTUNGEN<\/a><br \/>&#8211; <a href=\"https:\/\/inlightfest.com\/massgeschneiderte-feste-und-lichter\/?lang=de\">MASSGESCHNEIDERTE FESTIVALS &amp; LICHTER<\/a><br \/>&#8211; <a href=\"https:\/\/inlightfest.com\/einzigartige-full-service-loesungen\/?lang=de\">EINZIGARTIGE FULL SERVICE L\u00d6SUNGEN<\/a><br \/>&#8211; <a href=\"https:\/\/inlightfest.com\/vor-ort-besuche\/?lang=de\">BESUCHE VOR ORT<\/a><br \/>&#8211; <a href=\"https:\/\/inlightfest.com\/festival-design-und-management\/?lang=de\">FESTIVAL DESIGN &amp; MANAGEMENT<\/a><br \/>&#8211; <a href=\"https:\/\/inlightfest.com\/gesundheit-und-sicherheit\/?lang=de\">GESUNDHEIT &amp; SICHERHEIT<\/a><br \/>&#8211; <a href=\"https:\/\/inlightfest.com\/?page_id=242\">MARKETING UNTERST\u00dcTZUNG<\/a><br \/><a href=\"https:\/\/inlightfest.com\/auszeichnungen\/?lang=de\">AUSZEICHNUNGEN<\/a><br \/><a href=\"https:\/\/inlightfest.com\/galerie\/?lang=de\">GALERIE<\/a><br \/><a href=\"https:\/\/inlightfest.com\/kontakt\/?lang=de\">KONTAKT<\/a><\/span><\/p>\n<p>[\/et_pb_text][\/et_pb_column][et_pb_column type=&#8221;1_2&#8243; _builder_version=&#8221;4.27.3&#8243; _module_preset=&#8221;default&#8221; global_colors_info=&#8221;{}&#8221;][et_pb_button button_url=&#8221;https:\/\/inlightfest.com\/kontakt\/?lang=de&#8221; button_text=&#8221;INFORMATIONEN ANFORDERN&#8221; button_alignment=&#8221;right&#8221; module_class=&#8221;requestbttn&#8221; _builder_version=&#8221;4.27.3&#8243; _module_preset=&#8221;default&#8221; custom_margin=&#8221;-20px||||false|false&#8221; custom_padding=&#8221;3.3%||3.3%||false|false&#8221; global_colors_info=&#8221;{}&#8221;][\/et_pb_button][et_pb_image src=&#8221;https:\/\/inlightfest.com\/wp-content\/uploads\/2025\/01\/inLight-Lockup2-on-blacktransparent-RGB.png&#8221; title_text=&#8221;inLight-Lockup2-auf-Schwarz(transparent)-RGB&#8221; module_class=&#8221;footerlogo&#8221; _builder_version=&#8221;4.27.3&#8243; _module_preset=&#8221;default&#8221; width=&#8221;43%&#8221; module_alignment=&#8221;right&#8221; custom_margin=&#8221;64px||||false|false&#8221; global_colors_info=&#8221;{}&#8221;][\/et_pb_image][\/et_pb_column][\/et_pb_row][et_pb_row _builder_version=&#8221;4.27.3&#8243; _module_preset=&#8221;default&#8221; global_colors_info=&#8221;{}&#8221;][et_pb_column type=&#8221;4_4&#8243; _builder_version=&#8221;4.27.3&#8243; _module_preset=&#8221;default&#8221; global_colors_info=&#8221;{}&#8221;][et_pb_text _builder_version=&#8221;4.27.3&#8243; _module_preset=&#8221;default&#8221; text_text_color=&#8221;#FFFFFF&#8221; text_font_size=&#8221;12px&#8221; global_colors_info=&#8221;{}&#8221;]<\/p>\n<p><span>\u00a92024 InLight Festival Group | <a href=\"https:\/\/inlightfest.com\/datenschutzbestimmungen\/?lang=de\">Datenschutzrichtlinien<\/a> | <a href=\"https:\/\/inlightfest.com\/nutzungsbedingungen\/?lang=de\">Nutzungsbedingungen<\/a> | Website by <a href=\"https:\/\/torontocreatives.com\">TC<\/a><\/span><\/p>\n<p>[\/et_pb_text][\/et_pb_column][\/et_pb_row][\/et_pb_section]<\/p>\n","protected":false},"excerpt":{"rendered":"<p>Wir von der InLight Festival Group bieten einzigartige Full-Service-L\u00f6sungen, die uns in der Branche auszeichnen. Unsere beleuchteten Festivals sind bekannt f\u00fcr ihr umfassendes Projektmanagement, das alle Aspekte vom Design \u00fcber die Produktion bis hin zur Installation abdeckt und gleichzeitig die Einhaltung lokaler und nationaler Standards gew\u00e4hrleistet. Wir sind stolz darauf, jedes Festival auf die lokale [&hellip;]<\/p>\n","protected":false},"author":2,"featured_media":0,"parent":0,"menu_order":0,"comment_status":"closed","ping_status":"closed","template":"","meta":{"_et_pb_use_builder":"on","_et_pb_old_content":"","_et_gb_content_width":"","_joinchat":[],"footnotes":""},"class_list":["post-3947","page","type-page","status-publish","hentry"],"yoast_head":"<!-- This site is optimized with the Yoast SEO plugin v27.4 - https:\/\/yoast.com\/product\/yoast-seo-wordpress\/ -->\n<title>Einzigartige Full-Service-L\u00f6sungen - InLight<\/title>\n<meta name=\"description\" content=\"InLight bietet End-to-End-L\u00f6sungen f\u00fcr Festivals, einschlie\u00dflich Design, Installation, Management und immersive Erlebnisse.\" \/>\n<meta name=\"robots\" content=\"index, follow, max-snippet:-1, max-image-preview:large, max-video-preview:-1\" \/>\n<link rel=\"canonical\" href=\"https:\/\/inlightfest.com\/de\/einzigartige-full-service-loesungen\/\" \/>\n<meta property=\"og:locale\" content=\"de_DE\" \/>\n<meta property=\"og:type\" content=\"article\" \/>\n<meta property=\"og:title\" content=\"Einzigartige Full-Service-L\u00f6sungen - InLight\" \/>\n<meta property=\"og:description\" content=\"InLight bietet End-to-End-L\u00f6sungen f\u00fcr Festivals, einschlie\u00dflich Design, Installation, Management und immersive Erlebnisse.\" \/>\n<meta property=\"og:url\" content=\"https:\/\/inlightfest.com\/de\/einzigartige-full-service-loesungen\/\" \/>\n<meta property=\"og:site_name\" content=\"InLight\" \/>\n<meta property=\"article:modified_time\" content=\"2025-09-25T08:26:36+00:00\" \/>\n<meta name=\"twitter:card\" content=\"summary_large_image\" \/>\n<meta name=\"twitter:label1\" content=\"Gesch\u00e4tzte Lesezeit\" \/>\n\t<meta name=\"twitter:data1\" content=\"5\u00a0Minuten\" \/>\n<script type=\"application\/ld+json\" class=\"yoast-schema-graph\">{\"@context\":\"https:\\\/\\\/schema.org\",\"@graph\":[{\"@type\":[\"Article\",\"BlogPosting\"],\"@id\":\"https:\\\/\\\/inlightfest.com\\\/de\\\/einzigartige-full-service-loesungen\\\/#article\",\"isPartOf\":{\"@id\":\"https:\\\/\\\/inlightfest.com\\\/de\\\/einzigartige-full-service-loesungen\\\/\"},\"author\":{\"name\":\"inlightadmin\",\"@id\":\"https:\\\/\\\/inlightfest.com\\\/de\\\/#\\\/schema\\\/person\\\/fc15f22cc959ee49cfed62825e7d4d5a\"},\"headline\":\"Einzigartige Full-Service-L\u00f6sungen\",\"datePublished\":\"2024-12-20T20:02:02+00:00\",\"dateModified\":\"2025-09-25T08:26:36+00:00\",\"mainEntityOfPage\":{\"@id\":\"https:\\\/\\\/inlightfest.com\\\/de\\\/einzigartige-full-service-loesungen\\\/\"},\"wordCount\":963,\"publisher\":{\"@id\":\"https:\\\/\\\/inlightfest.com\\\/de\\\/#organization\"},\"inLanguage\":\"de\"},{\"@type\":[\"WebPage\",\"ItemPage\"],\"@id\":\"https:\\\/\\\/inlightfest.com\\\/de\\\/einzigartige-full-service-loesungen\\\/\",\"url\":\"https:\\\/\\\/inlightfest.com\\\/de\\\/einzigartige-full-service-loesungen\\\/\",\"name\":\"Einzigartige Full-Service-L\u00f6sungen - InLight\",\"isPartOf\":{\"@id\":\"https:\\\/\\\/inlightfest.com\\\/de\\\/#website\"},\"datePublished\":\"2024-12-20T20:02:02+00:00\",\"dateModified\":\"2025-09-25T08:26:36+00:00\",\"description\":\"InLight bietet End-to-End-L\u00f6sungen f\u00fcr Festivals, einschlie\u00dflich Design, Installation, Management und immersive Erlebnisse.\",\"breadcrumb\":{\"@id\":\"https:\\\/\\\/inlightfest.com\\\/de\\\/einzigartige-full-service-loesungen\\\/#breadcrumb\"},\"inLanguage\":\"de\",\"potentialAction\":[{\"@type\":\"ReadAction\",\"target\":[\"https:\\\/\\\/inlightfest.com\\\/de\\\/einzigartige-full-service-loesungen\\\/\"]}]},{\"@type\":\"BreadcrumbList\",\"@id\":\"https:\\\/\\\/inlightfest.com\\\/de\\\/einzigartige-full-service-loesungen\\\/#breadcrumb\",\"itemListElement\":[{\"@type\":\"ListItem\",\"position\":1,\"name\":\"Home\",\"item\":\"https:\\\/\\\/inlightfest.com\\\/de\\\/startseite\\\/\"},{\"@type\":\"ListItem\",\"position\":2,\"name\":\"Einzigartige Full-Service-L\u00f6sungen\"}]},{\"@type\":\"WebSite\",\"@id\":\"https:\\\/\\\/inlightfest.com\\\/de\\\/#website\",\"url\":\"https:\\\/\\\/inlightfest.com\\\/de\\\/\",\"name\":\"InLight\",\"description\":\"Light Up Your Imagination | The Original Lantern Festival Group\",\"publisher\":{\"@id\":\"https:\\\/\\\/inlightfest.com\\\/de\\\/#organization\"},\"potentialAction\":[{\"@type\":\"SearchAction\",\"target\":{\"@type\":\"EntryPoint\",\"urlTemplate\":\"https:\\\/\\\/inlightfest.com\\\/de\\\/?s={search_term_string}\"},\"query-input\":{\"@type\":\"PropertyValueSpecification\",\"valueRequired\":true,\"valueName\":\"search_term_string\"}}],\"inLanguage\":\"de\"},{\"@type\":\"Organization\",\"@id\":\"https:\\\/\\\/inlightfest.com\\\/de\\\/#organization\",\"name\":\"Zigong Lantern Culture Industry Group Co., Ltd\",\"url\":\"https:\\\/\\\/inlightfest.com\\\/de\\\/\",\"logo\":{\"@type\":\"ImageObject\",\"inLanguage\":\"de\",\"@id\":\"https:\\\/\\\/inlightfest.com\\\/de\\\/#\\\/schema\\\/logo\\\/image\\\/\",\"url\":\"https:\\\/\\\/inlightfest.com\\\/wp-content\\\/uploads\\\/2025\\\/01\\\/inLight-Lockup2-on-blacktransparent-RGB.png\",\"contentUrl\":\"https:\\\/\\\/inlightfest.com\\\/wp-content\\\/uploads\\\/2025\\\/01\\\/inLight-Lockup2-on-blacktransparent-RGB.png\",\"width\":3000,\"height\":991,\"caption\":\"Zigong Lantern Culture Industry Group Co., Ltd\"},\"image\":{\"@id\":\"https:\\\/\\\/inlightfest.com\\\/de\\\/#\\\/schema\\\/logo\\\/image\\\/\"}},{\"@type\":\"Person\",\"@id\":\"https:\\\/\\\/inlightfest.com\\\/de\\\/#\\\/schema\\\/person\\\/fc15f22cc959ee49cfed62825e7d4d5a\",\"name\":\"inlightadmin\",\"sameAs\":[\"https:\\\/\\\/inlightfest.com\"],\"url\":\"https:\\\/\\\/inlightfest.com\\\/de\\\/author\\\/inlightadmin\\\/\"}]}<\/script>\n<!-- \/ Yoast SEO plugin. -->","yoast_head_json":{"title":"Einzigartige Full-Service-L\u00f6sungen - InLight","description":"InLight bietet End-to-End-L\u00f6sungen f\u00fcr Festivals, einschlie\u00dflich Design, Installation, Management und immersive Erlebnisse.","robots":{"index":"index","follow":"follow","max-snippet":"max-snippet:-1","max-image-preview":"max-image-preview:large","max-video-preview":"max-video-preview:-1"},"canonical":"https:\/\/inlightfest.com\/de\/einzigartige-full-service-loesungen\/","og_locale":"de_DE","og_type":"article","og_title":"Einzigartige Full-Service-L\u00f6sungen - InLight","og_description":"InLight bietet End-to-End-L\u00f6sungen f\u00fcr Festivals, einschlie\u00dflich Design, Installation, Management und immersive Erlebnisse.","og_url":"https:\/\/inlightfest.com\/de\/einzigartige-full-service-loesungen\/","og_site_name":"InLight","article_modified_time":"2025-09-25T08:26:36+00:00","twitter_card":"summary_large_image","twitter_misc":{"Gesch\u00e4tzte Lesezeit":"5\u00a0Minuten"},"schema":{"@context":"https:\/\/schema.org","@graph":[{"@type":["Article","BlogPosting"],"@id":"https:\/\/inlightfest.com\/de\/einzigartige-full-service-loesungen\/#article","isPartOf":{"@id":"https:\/\/inlightfest.com\/de\/einzigartige-full-service-loesungen\/"},"author":{"name":"inlightadmin","@id":"https:\/\/inlightfest.com\/de\/#\/schema\/person\/fc15f22cc959ee49cfed62825e7d4d5a"},"headline":"Einzigartige Full-Service-L\u00f6sungen","datePublished":"2024-12-20T20:02:02+00:00","dateModified":"2025-09-25T08:26:36+00:00","mainEntityOfPage":{"@id":"https:\/\/inlightfest.com\/de\/einzigartige-full-service-loesungen\/"},"wordCount":963,"publisher":{"@id":"https:\/\/inlightfest.com\/de\/#organization"},"inLanguage":"de"},{"@type":["WebPage","ItemPage"],"@id":"https:\/\/inlightfest.com\/de\/einzigartige-full-service-loesungen\/","url":"https:\/\/inlightfest.com\/de\/einzigartige-full-service-loesungen\/","name":"Einzigartige Full-Service-L\u00f6sungen - InLight","isPartOf":{"@id":"https:\/\/inlightfest.com\/de\/#website"},"datePublished":"2024-12-20T20:02:02+00:00","dateModified":"2025-09-25T08:26:36+00:00","description":"InLight bietet End-to-End-L\u00f6sungen f\u00fcr Festivals, einschlie\u00dflich Design, Installation, Management und immersive Erlebnisse.","breadcrumb":{"@id":"https:\/\/inlightfest.com\/de\/einzigartige-full-service-loesungen\/#breadcrumb"},"inLanguage":"de","potentialAction":[{"@type":"ReadAction","target":["https:\/\/inlightfest.com\/de\/einzigartige-full-service-loesungen\/"]}]},{"@type":"BreadcrumbList","@id":"https:\/\/inlightfest.com\/de\/einzigartige-full-service-loesungen\/#breadcrumb","itemListElement":[{"@type":"ListItem","position":1,"name":"Home","item":"https:\/\/inlightfest.com\/de\/startseite\/"},{"@type":"ListItem","position":2,"name":"Einzigartige Full-Service-L\u00f6sungen"}]},{"@type":"WebSite","@id":"https:\/\/inlightfest.com\/de\/#website","url":"https:\/\/inlightfest.com\/de\/","name":"InLight","description":"Light Up Your Imagination | The Original Lantern Festival Group","publisher":{"@id":"https:\/\/inlightfest.com\/de\/#organization"},"potentialAction":[{"@type":"SearchAction","target":{"@type":"EntryPoint","urlTemplate":"https:\/\/inlightfest.com\/de\/?s={search_term_string}"},"query-input":{"@type":"PropertyValueSpecification","valueRequired":true,"valueName":"search_term_string"}}],"inLanguage":"de"},{"@type":"Organization","@id":"https:\/\/inlightfest.com\/de\/#organization","name":"Zigong Lantern Culture Industry Group Co., Ltd","url":"https:\/\/inlightfest.com\/de\/","logo":{"@type":"ImageObject","inLanguage":"de","@id":"https:\/\/inlightfest.com\/de\/#\/schema\/logo\/image\/","url":"https:\/\/inlightfest.com\/wp-content\/uploads\/2025\/01\/inLight-Lockup2-on-blacktransparent-RGB.png","contentUrl":"https:\/\/inlightfest.com\/wp-content\/uploads\/2025\/01\/inLight-Lockup2-on-blacktransparent-RGB.png","width":3000,"height":991,"caption":"Zigong Lantern Culture Industry Group Co., Ltd"},"image":{"@id":"https:\/\/inlightfest.com\/de\/#\/schema\/logo\/image\/"}},{"@type":"Person","@id":"https:\/\/inlightfest.com\/de\/#\/schema\/person\/fc15f22cc959ee49cfed62825e7d4d5a","name":"inlightadmin","sameAs":["https:\/\/inlightfest.com"],"url":"https:\/\/inlightfest.com\/de\/author\/inlightadmin\/"}]}},"_links":{"self":[{"href":"https:\/\/inlightfest.com\/de\/wp-json\/wp\/v2\/pages\/3947","targetHints":{"allow":["GET"]}}],"collection":[{"href":"https:\/\/inlightfest.com\/de\/wp-json\/wp\/v2\/pages"}],"about":[{"href":"https:\/\/inlightfest.com\/de\/wp-json\/wp\/v2\/types\/page"}],"author":[{"embeddable":true,"href":"https:\/\/inlightfest.com\/de\/wp-json\/wp\/v2\/users\/2"}],"replies":[{"embeddable":true,"href":"https:\/\/inlightfest.com\/de\/wp-json\/wp\/v2\/comments?post=3947"}],"version-history":[{"count":10,"href":"https:\/\/inlightfest.com\/de\/wp-json\/wp\/v2\/pages\/3947\/revisions"}],"predecessor-version":[{"id":7535,"href":"https:\/\/inlightfest.com\/de\/wp-json\/wp\/v2\/pages\/3947\/revisions\/7535"}],"wp:attachment":[{"href":"https:\/\/inlightfest.com\/de\/wp-json\/wp\/v2\/media?parent=3947"}],"curies":[{"name":"wp","href":"https:\/\/api.w.org\/{rel}","templated":true}]}}